{"id":104,"date":"2013-04-28T19:19:36","date_gmt":"2013-04-28T19:19:36","guid":{"rendered":"http:\/\/www.weisskirchen-gesangverein.de\/?page_id=104"},"modified":"2026-02-19T21:39:19","modified_gmt":"2026-02-19T21:39:19","slug":"presse","status":"publish","type":"page","link":"https:\/\/www.gesangverein-weisskirchen.de\/?page_id=104","title":{"rendered":"Presse"},"content":{"rendered":"\n<p>Folgende Artikel sind \u00fcber uns in der Presse erschienen.<\/p>\n<p>Hier gelangen Sie zum <a href=\"https:\/\/www.gesangverein-weisskirchen.de\/?page_id=209\">Germania Kurier<\/a>.<\/p>\n<p>&nbsp;<\/p>\n<p><b><strong>Fr\u00fchlingsfest<br><\/strong><\/b><a href=\"https:\/\/www.hochtaunusverlag.de\/Archiv\/150519Oberurseler%20Woche.pdf#page=13\" target=\"_blank\" rel=\"noopener\">Fr\u00fchlingsfest funktioniert in Wei\u00dfkirchen auch ohne Fr\u00fchling<\/a><br><span>Oberurseler Woche 16.05.2019<\/span><\/p>\n<p>&nbsp;<\/p>\n<p><b><strong>Israel-Reise<br><\/strong><\/b><a href=\"https:\/\/www.hochtaunusverlag.de\/Archiv\/080519Oberurseler%20Woche.pdf#page=12\" target=\"_blank\" rel=\"noopener\">Shalom Chaverim &#8211; Gr\u00fc\u00dfe aus Israel<\/a><br><span>Oberurseler Woche 09.05.2019<\/span><\/p>\n<p>&nbsp;<\/p>\n<p><b><strong>Germania im Fernsehen<br><\/strong><\/b><a href=\"https:\/\/www.hr-fernsehen.de\/sendungen-a-z\/hallo-hessen\/sendungen\/hallo-hessen---ausflugstipp-fuer-hessen-krippenweg-in-ronshausen-,sendung-49700.html?fbclid=IwAR34pLD2TwzzbFlk5mA6sBgMGXu7-8swc2czHqADwN-c27ecE_kJ50GFmfA\" target=\"_blank\" rel=\"noopener\">hallo hessen<\/a><br><span>HR Fernsehen 21.12.2018<\/span><\/p>\n<p>&nbsp;<\/p>\n<p><strong>Kinderch\u00f6re singen auf Adventsmarkt<\/strong><br><a href=\"http:\/\/www.hochtaunusverlag.de\/Archiv\/051218Oberurseler%20Woche.pdf#page=9\" target=\"_blank\" rel=\"noopener\">Bunter Adventsmarkt der Vereine<\/a><br>Oberurseler Woche 06.12.2018<\/p>\n<p>&nbsp;<br><strong>Kinderch\u00f6re bei St. Martin<\/strong><br><a href=\"http:\/\/www.hochtaunusverlag.de\/Archiv\/141118Oberurseler%20Woche.pdf#page=12\" target=\"_blank\" rel=\"noopener\">St. Martin kommt auf dem Haflinger<\/a><br>Oberurseler Woche 15.11.2018<\/p>\n<p>&nbsp;<\/p>\n<p><strong>Auftritt Kinderch\u00f6re Kerb<\/strong><br><a href=\"https:\/\/hochtaunusverlag.de\/Archiv\/120918Oberurseler%20Woche.pdf\" target=\"_blank\" rel=\"noopener\">Singen, k\u00fcssen, sich verzaubern lassen<\/a><br>Oberurseler Woche 13.09.2018<\/p>\n<p>&nbsp;<\/p>\n<p><strong>1200 Jahre Wei\u00dfkirchen<\/strong><br><a href=\"https:\/\/hochtaunusverlag.de\/Archiv\/150818Oberurseler%20Woche.pdf\" target=\"_blank\" rel=\"noopener\">F\u00fcr ein Wochenende der Nabel Europas<\/a><br>Oberurseler Woche 16.08.2018<br><a href=\"https:\/\/hochtaunusverlag.de\/Archiv\/150818Oberurseler%20Woche.pdf#page=4\" target=\"_blank\" rel=\"noopener\">Jubil\u00e4um wird zum Schaufenster der Vereine<\/a><br>Oberurseler Woche 16.08.2018<\/p>\n<p>&nbsp;<br><strong>Japan-Konzert<\/strong><br><a href=\"https:\/\/hochtaunusverlag.de\/Archiv\/150818Oberurseler%20Woche.pdf#page=5\" target=\"_blank\" rel=\"noopener\">Friedenskonzert best\u00e4rkt Freundschaft<\/a><br>Oberurseler Woche 16.08.2018<br><a href=\"https:\/\/www.hochtaunusverlag.de\/Archiv\/180718Oberurseler%20Woche.pdf#page=20\" target=\"_blank\" rel=\"noopener\">Friedenskonzert mit G\u00e4sten aus Japan zum Jahr &#8222;Daiku 2018&#8220;<\/a><br>Oberurseler Woche 19.07.2018<\/p>\n<p>&nbsp;<br><strong>Fr\u00fchlingsfest<\/strong><br><a href=\"https:\/\/hochtaunusverlag.de\/Archiv\/080518Oberurseler%20Woche.pdf#page=4\" target=\"_blank\" rel=\"noopener\">Musik aus vier Jahrhunderten beim Germania-Fr\u00fchlingsfest<\/a><br>Oberurseler Woche 9.05.2018<\/p>\n<p>&nbsp;<br><strong>Projekt Musikalische Zeitreise<\/strong><br><a href=\"http:\/\/www.hochtaunusverlag.de\/Archiv\/030118Oberurseler%20Woche.pdf#page=20\" target=\"_blank\" rel=\"noopener\">Neues Chorprojekt sucht Mits\u00e4nger<\/a><br>Oberurseler Woche 04.01.2018<\/p>\n<p>&nbsp;<br><strong>Kinderch\u00f6re singen auf Adventsmarkt<\/strong><br><a href=\"http:\/\/www.hochtaunusverlag.de\/Archiv\/061217Oberurseler%20Woche.pdf#page=16\" target=\"_blank\" rel=\"noopener\">Adventsmarkt steht im Zeichen des Ortsjubil\u00e4ums<\/a><br>Oberurseler Woche 07.12.2017<\/p>\n<p>&nbsp;<br><strong>Kinderch\u00f6re bei St. Martin<\/strong><br><a href=\"http:\/\/www.hochtaunusverlag.de\/Archiv\/151117Oberurseler%20Woche.pdf#page=3\" target=\"_blank\" rel=\"noopener\">Mit St. Martin zum warmen Feuer<\/a><br>Oberurseler Woche 16.11.2017<\/p>\n<p>&nbsp;<br><strong>Auftritt Kinderch\u00f6re Kerb<\/strong><br><a href=\"http:\/\/www.hochtaunusverlag.de\/Archiv\/130917Oberurseler%20Woche.pdf#page=4\" target=\"_blank\" rel=\"noopener\">Bosner, Tr\u00e4nen &#8230;<\/a><br>Oberurseler Woche 14.09.2017<\/p>\n<p>&nbsp;<br><strong>Fr\u00fchlingsfest<\/strong><br><a href=\"http:\/\/www.hochtaunusverlag.de\/Archiv\/170517Oberurseler%20Woche.pdf#page=11\" target=\"_blank\" rel=\"noopener\">Germania pr\u00e4sentiert sich ganz jung<\/a><br>Oberurseler Woche 18.05.2017<\/p>\n<p>&nbsp;<br><strong>Japanprojekt<\/strong><br><a href=\"https:\/\/www.gesangverein-weisskirchen.de\/?page_id=1986\">Abschlu\u00dfkonzert Japanchor<\/a><br>Taunus-Zeitung 23.05.2017<br><a href=\"http:\/\/www.hochtaunusverlag.de\/Archiv\/260417Oberurseler%20Woche.pdf#page=13\" target=\"_blank\" rel=\"noopener\">Japan Projektchor schl\u00e4gt Br\u00fccke nach Fernost<\/a><br>Oberurseler Woche 27.04.2017<br><a href=\"https:\/\/www.gesangverein-weisskirchen.de\/?page_id=1920\">Musikalische Gr\u00fc\u00dfe aus Japan<\/a><br>Taunus-Zeitung 15.04.2017<br><a href=\"http:\/\/www.hochtaunusverlag.de\/Archiv\/080217Oberurseler%20Woche.pdf#page=24\" target=\"_blank\" rel=\"noopener\">Japanprojekt auf der Zielgeraden<\/a><br>Oberurseler Woche 09.02.2017<\/p>\n<p>&nbsp;<br><strong>Pop- und Jazzchor Oberursel<\/strong><br><a href=\"http:\/\/www.hochtaunusverlag.de\/Archiv\/080217Oberurseler%20Woche.pdf#page=8\" target=\"_blank\" rel=\"noopener\">Aus den &#8222;Tontauben&#8220; wird der &#8222;Pop- und Jazzchor Oberursel&#8220;<\/a><br>Oberurseler Woche 09.02.2017<\/p>\n<p>&nbsp;<br><strong>Kinderch\u00f6re auf Adventsmarkt<\/strong><br><a href=\"http:\/\/www.hochtaunusverlag.de\/Archiv\/301116Oberurseler%20Woche.pdf#page=17&amp;zoom=auto,-12,1300\" target=\"_blank\" rel=\"noopener\">&#8222;Der Schweinachtsmann&#8220; kommt zum Adventsmarkt<\/a><br>Oberurseler Woche 01.12.2016<\/p>\n<p>&nbsp;<br><strong>Konzert Feeling<\/strong><br><a href=\"http:\/\/www.landfrauen-burgholzhausen.de\/what-a-feeling\/\" target=\"_blank\" rel=\"noopener\">What a Feeling!<\/a><br>LandFrauen Burgholzhausen 11.10.2016<\/p>\n<p>&nbsp;<br><strong>Fr\u00fchlingsfest<\/strong><br><a href=\"http:\/\/www.hochtaunusverlag.de\/Archiv\/080616Oberurseler%20Woche.pdf\" target=\"_blank\" rel=\"noopener\">Sieben Ch\u00f6re und viele sch\u00f6ne Lieder<\/a><br>Oberurseler Woche 09.06.2016<br><a href=\"http:\/\/www.taunus-zeitung.de\/lokales\/hochtaunus\/vordertaunus\/Sangeslustige-Maenner-gesucht;art48711,2044642 target=\" _blank=\"\">Sangeslustige M\u00e4nner gesucht<\/a><br>Taunus-Zeitung 06.06.2016<\/p>\n<p>&nbsp;<br><strong>Tontauben als Gastchor bei Cantus Wirena<\/strong><br><a href=\"http:\/\/www.usinger-anzeiger.de\/lokales\/wehrheim\/adventsfenster-mit-gaensehaut-moment_16430209.htm\" target=\"_blank\" rel=\"noopener\">Adventsfenster mit G\u00e4nsehaut-Moment<\/a><br>Usinger Anzeiger 02.12.2015<\/p>\n<p>&nbsp;<br><strong>Japan-Projekt<\/strong><br><a title=\"JapanProjekt\" href=\"http:\/\/www.hochtaunusverlag.de\/Archiv\/141015Oberurseler%20Woche.pdf#page=16\" target=\"_blank\" rel=\"noopener\">Japanprojekt des GV Germania<\/a><br>Oberurseler Woche 15.10.2015<br><a title=\"Auf-dem-Weg-zum-Chor\" href=\"http:\/\/www.taunus-zeitung.de\/lokales\/hochtaunus\/vordertaunus\/Auf-dem-Weg-zum-Chor;art48711,1653226\" target=\"_blank\" rel=\"noopener\">Auf dem Weg zum Chor<\/a><br>Taunus-Zeitung 20.10.2015<br><a title=\"1000-Euro-fuer-viele-Klicks\" href=\"http:\/\/www.taunus-zeitung.de\/lokales\/hochtaunus\/usinger-land\/1000-Euro-fuer-viele-Klicks;art48706,1635533\" target=\"_blank\" rel=\"noopener\">1000 Euro f\u00fcr viele Klicks<\/a><br>Taunus-Zeitung 10.10.2015<br><a title=\"Mit-der-Stimme-ist-schlecht-mogeln\" href=\"http:\/\/www.taunus-zeitung.de\/lokales\/hochtaunus\/vordertaunus\/Mit-der-Stimme-ist-schlecht-mogeln;art48711,1492610\" target=\"_blank\" rel=\"noopener\">Mit der Stimme ist schlecht mogeln<\/a><br>Taunus-Zeitung 14.07.2015<br><a href=\"http:\/\/www.taunus-zeitung.de\/lokales\/hochtaunus\/vordertaunus\/Gut-bei-Stimme;art48711,1463189\" target=\"_blank\" rel=\"noopener\">Gut bei Stimme<\/a><br>Taunus-Zeitung 25.06.2015<\/p>\n<p>&nbsp;<br><strong>Flashmop auf dem Brunnenfest<\/strong><br><a href=\"http:\/\/www.hochtaunusverlag.de\/Archiv\/020615Oberurseler%20Woche.pdf#page=14\" target=\"_blank\" rel=\"noopener\">Gesangs-Flashmop der &#8222;Tontauben&#8220;<\/a><br>Oberurseler Woche 03.06.2015<\/p>\n<p>&nbsp;<br><strong>Fr\u00fchlingsfest<\/strong><br><a href=\"http:\/\/www.hochtaunusverlag.de\/Archiv\/120515Oberurseler%20Woche.pdf#page=18\" target=\"_blank\" rel=\"noopener\">Ch\u00f6re regierten in der TV-Turnhalle in Wei\u00dfkirchen<\/a><br>Oberurseler Woche 13.05.2015<\/p>\n<p>&nbsp;<br><strong>Tontauben bei HSB Empfang<\/strong><br><a href=\"http:\/\/www.taunus-zeitung.de\/lokales\/hochtaunus\/vordertaunus\/Die-Qualitaet-des-Gesangs-entscheidet;art48711,1364118\" target=\"_blank\" rel=\"noopener\">Die Qualit\u00e4t des Gesangs entscheidet<\/a><br>Taunus-Zeitung 21.04.2015<\/p>\n<p>&nbsp;<br><strong>Konzert im Advent<\/strong><br><a href=\"http:\/\/www.taunus-zeitung.de\/lokales\/hochtaunus\/vordertaunus\/Grosse-Ehre-fuer-einen-grossen-Musiker;art48711,1166839\" target=\"_blank\" rel=\"noopener\">Gro\u00dfe Ehre f\u00fcr einen gro\u00dfen Musiker<\/a><br>Taunus-Zeitung 09.12.2014<br><a href=\"http:\/\/www.taunus-zeitung.de\/lokales\/hochtaunus\/vordertaunus\/Germania-singt-zum-zweiten-Advent;art48711,1160955\" target=\"_blank\" rel=\"noopener\">Germania singt zum zweiten Advent<\/a><br>Taunus-Zeitung 05.12.2014<\/p>\n<p>&nbsp;<br><strong>Chorpartnerschaft<\/strong><br><a href=\"http:\/\/www.hochtaunusverlag.de\/Archiv\/031214Oberurseler%20Woche.pdf#page=3\" target=\"_blank\" rel=\"noopener\">Konzert mit dem &#8222;Higashi-Yamato B\u00fcrger Ensemble&#8220;<\/a><br>Oberurseler Woche 04.12.2014<br><a href=\"http:\/\/www.taunus-zeitung.de\/lokales\/hochtaunus\/vordertaunus\/Japan-laesst-gruessen;art48711,951261\" target=\"_blank\" rel=\"noopener\">Japan l\u00e4sst gr\u00fc\u00dfen<\/a><br>Taunus-Zeitung 23.07.2014<\/p>\n<p>&nbsp;<br><strong>Hessenpark &#8211; 40 Jahre &#8211; 40 Ch\u00f6re<\/strong><br><a href=\"https:\/\/www.gesangverein-weisskirchen.de\/wp-content\/uploads\/2014\/10\/Tontauben-Hessenpark.jpg\" target=\"_blank\" rel=\"noopener\">Tontauben als Globetrotter im Hessenpark<\/a><br>Hessischer Chorspiegel 08\/09.2014<br><a href=\"http:\/\/www.taunus-zeitung.de\/lokales\/hochtaunus\/Chorgesang-ist-Baustein-der-Alltagskultur;art690,899109\" target=\"_blank\" rel=\"noopener\">Chorgesang ist Baustein der Alltagskultur<\/a><br>Taunus-Zeitung 17.06.2014<br><a href=\"http:\/\/www.taunus-zeitung.de\/lokales\/hochtaunus\/40-Jahre-40-Choere;art690,894627\" target=\"_blank\" rel=\"noopener\">40 Jahre &#8211; 40 Ch\u00f6re<\/a><br>Taunus-Zeitung 13.06.2014<\/p>\n<p>&nbsp;<br><strong>Fr\u00fchlingsfest<\/strong><br><a href=\"http:\/\/www.taunus-zeitung.de\/lokales\/hochtaunus\/Keine-Feier-ohne-Gesang;art690,896336\" target=\"_blank\" rel=\"noopener\">Keine Feier ohne Gesang<\/a><br>Taunus-Zeitung 14.06.2014<br><a href=\"http:\/\/www.taunus-zeitung.de\/lokales\/hochtaunus\/Germania-laedt-zum-Fruehlingsfest;art690,880708\" target=\"_blank\" rel=\"noopener\">Germania l\u00e4dt zum Fr\u00fchlingsfest<\/a><br>Taunus-Zeitung 03.06.2014<\/p>\n<p>&nbsp;<br><strong>Jubil\u00e4um 25 Jahre Kurharmonix<\/strong><br><a href=\"http:\/\/www.taunus-zeitung.de\/lokales\/hochtaunus\/Seit-25-Jahren-geben-sie-den-Ton-an;art690,862155\" target=\"_blank\" rel=\"noopener\">Seit 25 Jahren geben sie den Ton an<\/a><br>Taunus-Zeitung 20.05.2014<br><a href=\"http:\/\/www.taunus-zeitung.de\/lokales\/hochtaunus\/Zeitlos-musikalisch-frech-kurz-Kurharmonix;art690,856326\" target=\"_blank\" rel=\"noopener\">Zeitlos, musikalisch, frech &#8211; kurz Kurharmonix<\/a><br>Taunus-Zeitung 15.05.2014<\/p>\n<p>&nbsp;<br><strong>Zentrale Ehrungsfeier des S\u00e4ngerkreis Hochtaunus<\/strong><br><a href=\"http:\/\/www.taunus-zeitung.de\/lokales\/hochtaunus\/Taunus-hallt-wider-vor-frohen-Liedern;art690,833838\" target=\"_blank\" rel=\"noopener\">Taunus hallt wider vor frohen Liedern<\/a><br>Taunus-Zeitung 30.04.2014<\/p>\n<p>&nbsp;<br><strong>Konzert Basilika Ilbenstadt<\/strong><br><a href=\"https:\/\/www.gesangverein-weisskirchen.de\/wp-content\/uploads\/2014\/04\/Ilbenstadt.jpg\" target=\"_blank\" rel=\"noopener\">&#8222;Halleluja&#8220; f\u00fcr die Orgelsanierung<\/a><br>Wetterauer Zeitung 26.03.2014<\/p>\n<p>&nbsp;<br><strong>Adventsmarkt St. Crutzen<\/strong><br><a href=\"http:\/\/www.taunus-zeitung.de\/lokales\/hochtaunus\/Auf-die-Adventszeit-eingestimmt;art690,698215\" target=\"_blank\" rel=\"noopener\">Auf die Adventszeit eingestimmt<\/a><br>Taunus-Zeitung 04.12.2013<\/p>\n<p>&nbsp;<br><strong>Jahrbuch Hochtaunuskreis<\/strong><br><a href=\"http:\/\/www.taunus-zeitung.de\/lokales\/hochtaunus\/So-musikalisch-ist-der-Taunus;art690,693157\" target=\"_blank\" rel=\"noopener\">So musikalisch ist der Taunus<\/a><br><a href=\"http:\/\/www.taunus-zeitung.de\/lokales\/hochtaunus\/Alle-Facetten-der-Musik;art690,693723\" target=\"_blank\" rel=\"noopener\">Alle Facetten der Musik<\/a><br>Taunus-Zeitung 27.11.2013<\/p>\n<p>&nbsp;<br><strong>Jubil\u00e4umskonzert<\/strong><br><a href=\"http:\/\/www.taunus-zeitung.de\/lokales\/hochtaunus\/Gelungener-und-gesungener-Abschluss;art690,686907\" target=\"_blank\" rel=\"noopener\">Gelungener und gesungener Abschluss<\/a><br>Taunus-Zeitung 19.11.2013<br><a href=\"http:\/\/www.taunus-zeitung.de\/lokales\/hochtaunus\/Erst-Musik-und-dann-ein-Glaeschen;art690,683882\" target=\"_blank\" rel=\"noopener\">Erst Musik und dann ein Gl\u00e4schen<\/a><br>Taunus-Zeitung 15.11.2013<br><a href=\"http:\/\/www.taunus-zeitung.de\/lokales\/hochtaunus\/Beschwingtes-Konzert;art690,680008\" target=\"_blank\" rel=\"noopener\">Beschwingtes Konzert<\/a><br>Taunus-Zeitung 11.11.2013<\/p>\n<p>&nbsp;<br><strong>1. Musikmesse Oberursel<\/strong><br><a target=\"_blank\" alles-was-das-musikerherz-begehrt=\"\" art690=\"\" www=\"\" taunus-zeitung=\"\" de=\"\" lokales=\"\" hochtaunus=\"\" rel=\"noopener\">Alles was das Musikerherz begehrt<\/a><br>Taunus-Zeitung 07.10.2013<br><a target=\"_blank\" art690=\"\" www=\"\" taunus-zeitung=\"\" de=\"\" lokales=\"\" hochtaunus=\"\" musikmesse-soll-keine-eintagsfliege-bleiben=\"\" rel=\"noopener\">Musikmesse soll keine Eintagsfliege bleiben<\/a><br>Taunus-Zeitung 04.10.2013<\/p>\n<p>&nbsp;<br><strong>Wei\u00dfkirchener Kerb<\/strong><br><a target=\"_blank\" art690=\"\" www=\"\" taunus-zeitung=\"\" de=\"\" lokales=\"\" hochtaunus=\"\" die-wehr-laedt-zur-kerb=\"\" rel=\"noopener\">Die Wehr l\u00e4dt zur Kerb<\/a><br>Taunus-Zeitung 05.09.2013<\/p>\n<p>&nbsp;<br><strong>Konzert Swing Serenade<\/strong><br><a href=\"https:\/\/www.gesangverein-weisskirchen.de\/wp-content\/uploads\/2013\/09\/SKMBT_C28013090612350.jpg\" target=\"_blank\" rel=\"noopener\">Jazz und Pop musizieren zum insgesamt 240. Geburtstag<\/a><br>Oberurseler Woche 05.09.2013<\/p>\n<p>&nbsp;<br><strong>Konzert M\u00e4nnersache<\/strong><br><a href=\"http:\/\/www.taunus-zeitung.de\/rhein-main\/hochtaunus\/Projekt-Maennersache-ist-vollauf-gelungen;art690,572686\" target=\"_blank\" rel=\"noopener\">Projekt M\u00e4nnersache ist vollauf gelungen<\/a><br>Taunus-Zeitung 08.07.2013<br><a href=\"http:\/\/www.taunus-zeitung.de\/rhein-main\/hochtaunus\/Dieses-Konzert-ist-Maennersache;art690,570275\" target=\"_blank\" rel=\"noopener\">Dieses Konzert ist M\u00e4nnersache<\/a><br>Taunus-Zeitung 04.07.2013<br><strong>Ruine der Johanniskirche<\/strong><br><a href=\"http:\/\/www.taunus-zeitung.de\/rhein-main\/hochtaunus\/Sie-laesst-den-Himmel-leuchten;art690,558923\" target=\"_blank\" rel=\"noopener\">Sie l\u00e4\u00dft den Himmel leuchten<\/a><br>Taunus-Zeitung 20.06.2013<\/p>\n<p>&nbsp;<br><strong>Fr\u00fchlingsfest<\/strong><br><a href=\"http:\/\/www.taunus-zeitung.de\/rhein-main\/hochtaunus\/Singen-ist-in-Weisskirchen-Familienkrankheit;art690,501661\" target=\"_blank\" rel=\"noopener\">Singen ist in Wei\u00dfkirchen &#8222;Familienkrankheit&#8220;<\/a><br>Taunus-Zeitung 07.05.2013<br><a href=\"http:\/\/www.taunus-zeitung.de\/rhein-main\/hochtaunus\/Germania-feiert-140-Geburtstag;art690,467616\" target=\"_blank\" rel=\"noopener\">Germania feiert 140 Geburtstag<\/a><br>Taunus-Zeitung 26.04.2013<\/p>\n<p>&nbsp;<br><strong>S\u00e4ngerkreis-Ehrung&nbsp;<\/strong><br><a href=\"http:\/\/www.taunus-zeitung.de\/rhein-main\/hochtaunus\/Choere-wohltuend-fuer-Physis-und-Psyche;art690,497134\" target=\"_blank\" rel=\"noopener\">Ch\u00f6re-wohltuend f\u00fcr Physis und Psyche<\/a><br><a href=\"http:\/\/www.taunus-zeitung.de\/rhein-main\/hochtaunus\/nbsp-nbsp-nbsp-ZUM-THEMA-nbsp-nbsp-nbsp-Die-ausgezeichneten-Saenger;art690,497133\" target=\"_blank\" rel=\"noopener\">ZUM THEMA &#8211; Die ausgezeichneten S\u00e4nger<\/a><br>Taunus-Zeitung 30.04.2013<\/p>\n<p>&nbsp;<br><strong>HR4 bei der Germania<\/strong><br><a href=\"http:\/\/www.taunus-zeitung.de\/rhein-main\/hochtaunus\/Wer-will-fleissige-Handwerker-sehn;art690,156764\" target=\"_blank\" rel=\"noopener\">Wer will fleissige Handwerker sehn<\/a><br><a href=\"http:\/\/www.taunus-zeitung.de\/rhein-main\/hochtaunus\/Germania-geht-auf-Sendung;art690,150572\" target=\"_blank\" rel=\"noopener\">Germania geht auf Sendung<\/a><br>Taunus-Zeitung 01.2013<\/p>\n<p>&nbsp;<br><strong>M\u00e4nnerSache<\/strong><br><a href=\"http:\/\/www.taunus-zeitung.de\/rhein-main\/hochtaunus\/Er-soll-Maenner-verfuehren;art690,273327\" target=\"_blank\" rel=\"noopener\">Er soll M\u00e4nner verf\u00fchren<\/a><br>Taunus-Zeitung 05.09.2012<br><a href=\"http:\/\/www.taunus-zeitung.de\/rhein-main\/hochtaunus\/Jetzt-singen-sie-wieder;art690,244094\" target=\"_blank\" rel=\"noopener\">Jetzt singen sie wieder<\/a><br>Taunus-Zeitung 26.10.2012<\/p>\n","protected":false},"excerpt":{"rendered":"<p>Folgende Artikel sind \u00fcber uns in der Presse erschienen. Hier gelangen Sie zum Germania Kurier. &nbsp; Fr\u00fchlingsfestFr\u00fchlingsfest funktioniert in Wei\u00dfkirchen auch ohne Fr\u00fchlingOberurseler Woche 16.05.2019 &nbsp; Israel-ReiseShalom Chaverim &#8211; Gr\u00fc\u00dfe aus IsraelOberurseler Woche 09.05.2019 &nbsp; Germania im Fernsehenhallo hessenHR Fernsehen 21.12.2018 &nbsp; Kinderch\u00f6re singen auf AdventsmarktBunter Adventsmarkt der VereineOberurseler Woche [&hellip;]<\/p>\n","protected":false},"author":2,"featured_media":0,"parent":0,"menu_order":5,"comment_status":"closed","ping_status":"closed","template":"","meta":{"ngg_post_thumbnail":0,"footnotes":"","_links_to":"","_links_to_target":""},"class_list":["post-104","page","type-page","status-publish","hentry"],"_links":{"self":[{"href":"https:\/\/www.gesangverein-weisskirchen.de\/index.php?rest_route=\/wp\/v2\/pages\/104"}],"collection":[{"href":"https:\/\/www.gesangverein-weisskirchen.de\/index.php?rest_route=\/wp\/v2\/pages"}],"about":[{"href":"https:\/\/www.gesangverein-weisskirchen.de\/index.php?rest_route=\/wp\/v2\/types\/page"}],"author":[{"embeddable":true,"href":"https:\/\/www.gesangverein-weisskirchen.de\/index.php?rest_route=\/wp\/v2\/users\/2"}],"replies":[{"embeddable":true,"href":"https:\/\/www.gesangverein-weisskirchen.de\/index.php?rest_route=%2Fwp%2Fv2%2Fcomments&post=104"}],"version-history":[{"count":120,"href":"https:\/\/www.gesangverein-weisskirchen.de\/index.php?rest_route=\/wp\/v2\/pages\/104\/revisions"}],"predecessor-version":[{"id":4279,"href":"https:\/\/www.gesangverein-weisskirchen.de\/index.php?rest_route=\/wp\/v2\/pages\/104\/revisions\/4279"}],"wp:attachment":[{"href":"https:\/\/www.gesangverein-weisskirchen.de\/index.php?rest_route=%2Fwp%2Fv2%2Fmedia&parent=104"}],"curies":[{"name":"wp","href":"https:\/\/api.w.org\/{rel}","templated":true}]}}