{"id":106,"date":"2013-04-28T19:21:16","date_gmt":"2013-04-28T19:21:16","guid":{"rendered":"http:\/\/www.weisskirchen-gesangverein.de\/?page_id=106"},"modified":"2023-05-17T14:00:36","modified_gmt":"2023-05-17T14:00:36","slug":"sponsoren","status":"publish","type":"page","link":"https:\/\/www.gesangverein-weisskirchen.de\/?page_id=106","title":{"rendered":"Sponsoren"},"content":{"rendered":"\n<p>Wir danken unseren Sponsoren.<\/p>\n<p>Wir freuen uns \u00fcber&nbsp; jede weitere Unterst\u00fctzung. Sie k\u00f6nnen uns gerne eine allgemeine Zuwendung \u00fcber den Vorstand zukommen lassen. Sie k\u00f6nnen aber auch konkrete Veranstaltungen sponsern. \u00dcber unsere Kontaktadresse k\u00f6nnen Sie die genauen Vorgehensweisen mit uns abstimmen.<\/p>\n<p><a href=\"http:\/\/www.ksfo.de\/\" target=\"_blank\" rel=\"noopener\"><img loading=\"lazy\" decoding=\"async\" width=\"206\" height=\"225\" alt=\"image001\" src=\"https:\/\/www.gesangverein-weisskirchen.de\/wp-content\/uploads\/2013\/04\/image001.png\"><\/a><\/p>\n<p><a href=\"https:\/\/www.elaya-hotels.com\/frankfurt-oberursel\/\" target=\"_blank\" rel=\"noopener\"><img loading=\"lazy\" decoding=\"async\" width=\"238\" height=\"98\" alt=\"image005\" src=\"https:\/\/www.gesangverein-weisskirchen.de\/wp-content\/uploads\/2019\/12\/Logo-TheRilano_R-Frankfurt.png\" border=\"1\"><\/a><\/p>\n<p> <\/p>\n<p><a href=\"http:\/\/www.taunussparkasse.de\/\" target=\"_blank\" rel=\"noopener\"><img loading=\"lazy\" decoding=\"async\" width=\"300\" height=\"93\" alt=\"image003\" src=\"https:\/\/www.gesangverein-weisskirchen.de\/wp-content\/uploads\/2013\/04\/image003-300x93.png\"><\/a><\/p>\n<p><a href=\"http:\/\/www.stadtwerke-oberursel.de\/\" target=\"_blank\" rel=\"noopener\"><img loading=\"lazy\" decoding=\"async\" width=\"300\" height=\"161\" alt=\"image012\" src=\"https:\/\/www.gesangverein-weisskirchen.de\/wp-content\/uploads\/2013\/04\/image012-300x161.png\"><\/a><\/p>\n","protected":false},"excerpt":{"rendered":"<p>Wir danken unseren Sponsoren. Wir freuen uns \u00fcber&nbsp; jede weitere Unterst\u00fctzung. Sie k\u00f6nnen uns gerne eine allgemeine Zuwendung \u00fcber den Vorstand zukommen lassen. Sie k\u00f6nnen aber auch konkrete Veranstaltungen sponsern. \u00dcber unsere Kontaktadresse k\u00f6nnen Sie die genauen Vorgehensweisen mit uns abstimmen.<\/p>\n","protected":false},"author":2,"featured_media":0,"parent":0,"menu_order":5,"comment_status":"closed","ping_status":"closed","template":"","meta":{"ngg_post_thumbnail":0,"footnotes":"","_links_to":"","_links_to_target":""},"class_list":["post-106","page","type-page","status-publish","hentry"],"_links":{"self":[{"href":"https:\/\/www.gesangverein-weisskirchen.de\/index.php?rest_route=\/wp\/v2\/pages\/106"}],"collection":[{"href":"https:\/\/www.gesangverein-weisskirchen.de\/index.php?rest_route=\/wp\/v2\/pages"}],"about":[{"href":"https:\/\/www.gesangverein-weisskirchen.de\/index.php?rest_route=\/wp\/v2\/types\/page"}],"author":[{"embeddable":true,"href":"https:\/\/www.gesangverein-weisskirchen.de\/index.php?rest_route=\/wp\/v2\/users\/2"}],"replies":[{"embeddable":true,"href":"https:\/\/www.gesangverein-weisskirchen.de\/index.php?rest_route=%2Fwp%2Fv2%2Fcomments&post=106"}],"version-history":[{"count":76,"href":"https:\/\/www.gesangverein-weisskirchen.de\/index.php?rest_route=\/wp\/v2\/pages\/106\/revisions"}],"predecessor-version":[{"id":3428,"href":"https:\/\/www.gesangverein-weisskirchen.de\/index.php?rest_route=\/wp\/v2\/pages\/106\/revisions\/3428"}],"wp:attachment":[{"href":"https:\/\/www.gesangverein-weisskirchen.de\/index.php?rest_route=%2Fwp%2Fv2%2Fmedia&parent=106"}],"curies":[{"name":"wp","href":"https:\/\/api.w.org\/{rel}","templated":true}]}}