{"id":11,"date":"2012-04-29T17:38:23","date_gmt":"2012-04-29T17:38:23","guid":{"rendered":"http:\/\/www.weisskirchen-gesangverein.de\/?page_id=11"},"modified":"2023-11-06T17:41:28","modified_gmt":"2023-11-06T17:41:28","slug":"links","status":"publish","type":"page","link":"https:\/\/www.gesangverein-weisskirchen.de\/?page_id=11","title":{"rendered":"Links"},"content":{"rendered":"<p><a href=\"http:\/\/www.s\u00e4ngerkreis-hochtaunus.de\/\" target=\"_blank\" rel=\"noopener\">S\u00e4ngerkreis Hochtaunus<\/a> &nbsp; &nbsp; &nbsp; &nbsp;&nbsp; S\u00e4ngerkreis Hochtaunus<\/p>\n<p><a href=\"http:\/\/www.hessischer-saengerbund.de\/\" target=\"_blank\" rel=\"noopener\">Hessischer S\u00e4ngerbund<\/a> &nbsp; &nbsp; &nbsp; &nbsp; &nbsp; Hessischer S\u00e4ngerbund<\/p>\n<p><a href=\"http:\/\/www.deutscher-chorverband.de\/\" target=\"_blank\" rel=\"noopener\">Deutscher Chorverband<\/a> &nbsp; &nbsp; &nbsp; &nbsp; &nbsp; Deutscher Chorverband<\/p>\n<p><a href=\"http:\/\/www.oberursel.de\/\" target=\"_blank\" rel=\"noopener\">Stadt Oberursel<\/a>&nbsp; &nbsp; &nbsp; &nbsp; &nbsp; &nbsp; &nbsp; &nbsp; &nbsp; &nbsp; &nbsp; &nbsp; Stadt Oberursel<\/p>\n<p><!-- p><a href=\"http:\/\/www.oberursel.info\/\" target=\"_blank\" rel=\"noopener\">Oberursel Tourismusportal<\/a>&nbsp;&nbsp;&nbsp; &nbsp;&nbsp;Oberursel Stadtinformationen\n\n<a href=\"http:\/\/oberurselstadtmagazin.jimdo.com\/\" target=\"_blank\" rel=\"noopener\">Stadtmagazin Oberursel<\/a> &nbsp; &nbsp; &nbsp; &nbsp; &nbsp; Stadtmagazin Oberursel<\/p --> <a href=\"http:\/\/www.vereinsring-weisskirchen.de\/\" target=\"_blank\" rel=\"noopener\">Vereinsring Wei\u00dfkirchen<\/a>&nbsp;&nbsp;&nbsp;&nbsp;&nbsp;&nbsp;&nbsp;&nbsp; &nbsp;&nbsp;Vereinsring Wei\u00dfkirchen<\/p>\n<p><a href=\"http:\/\/www.vereinsring-oberursel.de\/\" target=\"_blank\" rel=\"noopener\">Vereinsring Oberursel<\/a>&nbsp; &nbsp; &nbsp; &nbsp; &nbsp; &nbsp; &nbsp; &nbsp;Vereinsring Oberursel<\/p>\n<p><a href=\"http:\/\/www.taunus-zeitung.de\/\" target=\"_blank\" rel=\"noopener\">Taunus Zeitung<\/a>&nbsp; &nbsp; &nbsp; &nbsp; &nbsp; &nbsp; &nbsp; &nbsp; &nbsp; &nbsp; &nbsp; &nbsp; &nbsp;Lokale Presse<\/p>\n<p><a href=\"http:\/\/www.oberurseler-woche.de\/\" target=\"_blank\" rel=\"noopener\">Oberurseler Woche<\/a>&nbsp; &nbsp; &nbsp; &nbsp; &nbsp; &nbsp; &nbsp; &nbsp; &nbsp; &nbsp;Lokale Presse<\/p>\n<p><a href=\"http:\/\/bundesrecht.juris.de\/zelterplrl\/BJNR107400956.html\" target=\"_blank\" rel=\"noopener\">Zelter-Plakette<\/a>&nbsp; &nbsp; &nbsp; &nbsp; &nbsp; &nbsp; &nbsp; &nbsp; &nbsp; &nbsp; &nbsp; &nbsp; &nbsp; Die Zelter-Plakette<\/p>\n\n\n<p><\/p>\n","protected":false},"excerpt":{"rendered":"<p>S\u00e4ngerkreis Hochtaunus &nbsp; &nbsp; &nbsp; &nbsp;&nbsp; S\u00e4ngerkreis Hochtaunus Hessischer S\u00e4ngerbund &nbsp; &nbsp; &nbsp; &nbsp; &nbsp; Hessischer S\u00e4ngerbund Deutscher Chorverband &nbsp; &nbsp; &nbsp; &nbsp; &nbsp; Deutscher Chorverband Stadt Oberursel&nbsp; &nbsp; &nbsp; &nbsp; &nbsp; &nbsp; &nbsp; &nbsp; &nbsp; &nbsp; &nbsp; &nbsp; Stadt Oberursel Vereinsring Wei\u00dfkirchen&nbsp;&nbsp;&nbsp;&nbsp;&nbsp;&nbsp;&nbsp;&nbsp; &nbsp;&nbsp;Vereinsring Wei\u00dfkirchen Vereinsring Oberursel&nbsp; &nbsp; &nbsp; &nbsp; [&hellip;]<\/p>\n","protected":false},"author":1,"featured_media":0,"parent":0,"menu_order":6,"comment_status":"closed","ping_status":"closed","template":"","meta":{"ngg_post_thumbnail":0,"footnotes":"","_links_to":"","_links_to_target":""},"class_list":["post-11","page","type-page","status-publish","hentry"],"_links":{"self":[{"href":"https:\/\/www.gesangverein-weisskirchen.de\/index.php?rest_route=\/wp\/v2\/pages\/11"}],"collection":[{"href":"https:\/\/www.gesangverein-weisskirchen.de\/index.php?rest_route=\/wp\/v2\/pages"}],"about":[{"href":"https:\/\/www.gesangverein-weisskirchen.de\/index.php?rest_route=\/wp\/v2\/types\/page"}],"author":[{"embeddable":true,"href":"https:\/\/www.gesangverein-weisskirchen.de\/index.php?rest_route=\/wp\/v2\/users\/1"}],"replies":[{"embeddable":true,"href":"https:\/\/www.gesangverein-weisskirchen.de\/index.php?rest_route=%2Fwp%2Fv2%2Fcomments&post=11"}],"version-history":[{"count":33,"href":"https:\/\/www.gesangverein-weisskirchen.de\/index.php?rest_route=\/wp\/v2\/pages\/11\/revisions"}],"predecessor-version":[{"id":3581,"href":"https:\/\/www.gesangverein-weisskirchen.de\/index.php?rest_route=\/wp\/v2\/pages\/11\/revisions\/3581"}],"wp:attachment":[{"href":"https:\/\/www.gesangverein-weisskirchen.de\/index.php?rest_route=%2Fwp%2Fv2%2Fmedia&parent=11"}],"curies":[{"name":"wp","href":"https:\/\/api.w.org\/{rel}","templated":true}]}}