{"id":130,"date":"2013-04-28T20:17:57","date_gmt":"2013-04-28T20:17:57","guid":{"rendered":"http:\/\/www.weisskirchen-gesangverein.de\/?page_id=130"},"modified":"2026-03-26T17:46:31","modified_gmt":"2026-03-26T17:46:31","slug":"frauenchor","status":"publish","type":"page","link":"https:\/\/www.gesangverein-weisskirchen.de\/?page_id=130","title":{"rendered":"Der Frauenchor"},"content":{"rendered":"<p>Das Repertoire des Frauenchors des Gesangverein Wei\u00dfkirchen besteht aus geistlichen und klassischen Musikst\u00fccken, aus Volksliedern und Unterhaltungsmusik.<br>Der Frauenchor z\u00e4hlt 20 S\u00e4ngerinnen.<\/p>\n<p>Einmal im Monat machen wir eine gemeinsame Unternehmung (Ausflug, Theater, Besichtigung).<\/p>\n<p>2017 feierten wir das Jubil\u00e4um 40 Jahre Frauenchor.<\/p>\n<p><img loading=\"lazy\" decoding=\"async\" src=\"https:\/\/www.gesangverein-weisskirchen.de\/wp-content\/uploads\/2025\/08\/IMG_8002-scaled.jpg\" alt=\"\" width=\"750\" height=\"450\" class=\"alignnone size-large wp-image-3801\"><\/p>\n<p>Der Frauenchor<\/p>\n<p>Probe &nbsp; &nbsp; &nbsp; &nbsp; &nbsp; &nbsp; &nbsp; &nbsp;&nbsp; Dienstag 17:30 Uhr bis 19:00 Uhr<br>&nbsp; &nbsp; &nbsp; &nbsp; &nbsp; &nbsp; &nbsp; &nbsp; &nbsp; &nbsp; &nbsp; &nbsp; &nbsp; &nbsp; im Saal im 1. Stock des Feuerwehrhaus Oberursel-Wei\u00dfkirchen<\/p>\n<p>Dirigentin&nbsp; &nbsp; &nbsp; &nbsp; &nbsp; &nbsp; <a href=\"https:\/\/www.gesangverein-weisskirchen.de\/?page_id=4131\" data-type=\"page\" data-id=\"2960\">Katja Blumenhein<\/a><\/p>\n<p>Sprecherin &nbsp; &nbsp; &nbsp; &nbsp;&nbsp; Barbara Lickar<\/p>\n\n\n<p><\/p>\n","protected":false},"excerpt":{"rendered":"<p>Das Repertoire des Frauenchors des Gesangverein Wei\u00dfkirchen besteht aus geistlichen und klassischen Musikst\u00fccken, aus Volksliedern und Unterhaltungsmusik.Der Frauenchor z\u00e4hlt 20 S\u00e4ngerinnen. Einmal im Monat machen wir eine gemeinsame Unternehmung (Ausflug, Theater, Besichtigung). 2017 feierten wir das Jubil\u00e4um 40 Jahre Frauenchor. Der Frauenchor Probe &nbsp; &nbsp; &nbsp; &nbsp; &nbsp; &nbsp; &nbsp; [&hellip;]<\/p>\n","protected":false},"author":2,"featured_media":0,"parent":16,"menu_order":2,"comment_status":"closed","ping_status":"closed","template":"","meta":{"ngg_post_thumbnail":0,"footnotes":"","_links_to":"","_links_to_target":""},"class_list":["post-130","page","type-page","status-publish","hentry"],"_links":{"self":[{"href":"https:\/\/www.gesangverein-weisskirchen.de\/index.php?rest_route=\/wp\/v2\/pages\/130"}],"collection":[{"href":"https:\/\/www.gesangverein-weisskirchen.de\/index.php?rest_route=\/wp\/v2\/pages"}],"about":[{"href":"https:\/\/www.gesangverein-weisskirchen.de\/index.php?rest_route=\/wp\/v2\/types\/page"}],"author":[{"embeddable":true,"href":"https:\/\/www.gesangverein-weisskirchen.de\/index.php?rest_route=\/wp\/v2\/users\/2"}],"replies":[{"embeddable":true,"href":"https:\/\/www.gesangverein-weisskirchen.de\/index.php?rest_route=%2Fwp%2Fv2%2Fcomments&post=130"}],"version-history":[{"count":39,"href":"https:\/\/www.gesangverein-weisskirchen.de\/index.php?rest_route=\/wp\/v2\/pages\/130\/revisions"}],"predecessor-version":[{"id":4295,"href":"https:\/\/www.gesangverein-weisskirchen.de\/index.php?rest_route=\/wp\/v2\/pages\/130\/revisions\/4295"}],"up":[{"embeddable":true,"href":"https:\/\/www.gesangverein-weisskirchen.de\/index.php?rest_route=\/wp\/v2\/pages\/16"}],"wp:attachment":[{"href":"https:\/\/www.gesangverein-weisskirchen.de\/index.php?rest_route=%2Fwp%2Fv2%2Fmedia&parent=130"}],"curies":[{"name":"wp","href":"https:\/\/api.w.org\/{rel}","templated":true}]}}