{"id":1329,"date":"2015-06-02T07:26:42","date_gmt":"2015-06-02T07:26:42","guid":{"rendered":"http:\/\/www.weisskirchen-gesangverein.de\/?page_id=1329"},"modified":"2017-01-12T18:10:36","modified_gmt":"2017-01-12T18:10:36","slug":"chorprojekt-japan-2017","status":"publish","type":"page","link":"https:\/\/www.gesangverein-weisskirchen.de\/?page_id=1329","title":{"rendered":"Chorprojekt Japan 2017"},"content":{"rendered":"<p><a href=\"https:\/\/www.gesangverein-weisskirchen.de\/wp-content\/uploads\/2015\/06\/Header_Japan.jpg\"><img loading=\"lazy\" decoding=\"async\" src=\"https:\/\/www.gesangverein-weisskirchen.de\/wp-content\/uploads\/2015\/06\/Header_Japan.jpg\" alt=\"Header_Japan\" width=\"704\" height=\"254\" class=\"alignnone size-full wp-image-1333\" srcset=\"https:\/\/www.gesangverein-weisskirchen.de\/wp-content\/uploads\/2015\/06\/Header_Japan.jpg 704w, https:\/\/www.gesangverein-weisskirchen.de\/wp-content\/uploads\/2015\/06\/Header_Japan-300x108.jpg 300w\" sizes=\"(max-width: 704px) 100vw, 704px\" \/><\/a><\/p>\n<h3>Kooperationsprojekt des GV Germania 1873 Wei\u00dfkirchen\/Ts. e.V. und der Stadt Oberursel<\/h3>\n<p><u><strong>Projektbeschreibung:<\/strong><\/u><\/p>\n<p>Der Projektchor \u201eJapan 2017\u201c startet im September 2015 mit den Proben.<br \/>\nZiele dieses Chorprojekts: 14-t\u00e4gige Konzertreise nach Japan, Besuch des Partnerchores \u201eHigashiyamato-Chorensemble\u201c, gemeinsame Konzerte sowie weitere Konzerte und Auftritte in anderen St\u00e4dten Japans.<br \/>\nDie Basis des Projektchors bilden 25 S\u00e4ngerinnen und S\u00e4nger des GV Germania.<br \/>\nDie Chorgr\u00f6\u00dfe betr\u00e4gt 52 Personen.<br \/>\n___________________________________________________________________<\/p>\n<p>Blogseite des Projektchors Japan 2017 : <a href=\"http:\/\/chorprojekt-japan-2017.com\/\" target=\"_blank\">http:\/\/chorprojekt-japan-2017.com\/<\/a><br \/>\n&#8211; Geschlossener Blog f\u00fcr eingeladende Mitglieder &#8211;<br \/>\n___________________________________________________________________<\/p>\n<p><strong>Zeitpunkt der Konzertreise<\/strong>: Hessische Osterferien, 01.-15.04.2017<\/p>\n<p><strong>Projektlaufzeit<\/strong>: 18 Monate<\/p>\n<p><strong>Probenrhythmus Projektchor<\/strong>:<br \/>\nEinmal monatlich samstags , jeweils 15.00 \u2013 18.00 Uhr.<br \/>\nExtraproben und Probenwochenende bei Bedarf.<br \/>\nErste Probe am 19.09.<br \/>\nWeitere Proben am<br \/>\n17.10.2015<br \/>\n28.11.2015<br \/>\n18.12.2015 (Fr, Uhrzeit wird noch bekannt gegeben)<br \/>\n16.01.2016<br \/>\n20.02.2016<br \/>\n19.03.2016<br \/>\n16.04.2016<br \/>\n18.06.2016<br \/>\n09.07.2016<br \/>\n10.09.2016<br \/>\n08.10.2016<br \/>\n26.11.2016<br \/>\n17.12.2016<\/p>\n<p><strong>Probenraum<\/strong>:<br \/>\nVereinsraum. Feuerwehrhaus Wei\u00dfkirchen,<br \/>\nFriedrich-Ludwig-Jahn-Str. 2a, Oberursel-Wei\u00dfkirchen<\/p>\n<p><strong>Chorleiter<\/strong>:<br \/>\nMark Opeskin (Gesamtleitung)<br \/>\nPeer-Martin Sturm (Co-Dirigent, Stimmbildung)<\/p>\n<p><strong>Repertoire<\/strong>:<br \/>\n\u201eOde an die Freude\u201c L. v. Beethoven<br \/>\n\u201eDeutsches Liedgut\u201c in modernen, anspruchsvollen S\u00e4tzen <\/p>\n<p><strong>Teilnahmevoraussetzung<\/strong>:<br \/>\nChorerfahrung und Stimmsicherheit, Teilnahme am Casting, Casting ist abgeschlossen.<\/p>\n<p><strong>Kontakt email-Adresse<\/strong>:<br \/>\nJapan.2017.chor@web.de<\/p>\n<p><strong>Kostenrahmen f\u00fcr das Gesamtprojekt<\/strong>:<br \/>\nDer Vorstand des Vereins bem\u00fcht sich intensiv, finanzielle Unterst\u00fctzer f\u00fcr das Chorprojekt zu finden. Mit jedem gefundenen Sponsor sinkt nat\u00fcrlich der Eigenanteil pro S\u00e4nger\/in.<br \/>\nDer maximale Kostenbeitrag pro Person betr\u00e4gt kalkuliert ohne Unterst\u00fctzung etwa \u20ac 2500 und beinhaltet folgende Leistungen:<\/p>\n<p>\u2022\tZwei Informationsabende mit Vortr\u00e4gen zu landeskundlichen, kulturellen, geschichtlichen und politischen Themen<br \/>\n\u2022\tHin- und R\u00fcckflug nach Japan<br \/>\n\u2022\tKonzerte und Auftritte in Japan<br \/>\n\u2022\t\u00dcbernachtungen im Doppelzimmer inkl. Fr\u00fchst\u00fcck<br \/>\n\u2022\tTransportkosten Bus\/Bahn in Japan<br \/>\n\u2022\tAusflugs- und Besichtigungsprogramm, Rundreise<\/p>\n<p>F\u00fcr die Projektchorproben, Noten und weiteres \u00dcbungsmaterial veranschlagen wir eine Kostenpauschale von \u20ac 150 pro S\u00e4nger\/in. F\u00fcr Vereinsmitglieder gilt hier der erm\u00e4\u00dfigte Preis von \u20ac 100.<br \/>\nEbenso nicht im Preis inbegriffen sind die Kosten f\u00fcr den obligatorischen Abschluss einer Reiser\u00fccktrittsversicherung.<\/p>\n<p>Der <strong>Termin f\u00fcr die verbindliche Anmeldung<\/strong> ist der 18.12.2015.<\/p>\n<p>Nichtsingende Partner k\u00f6nnen in begrenztem Umfang mitreisen, m\u00fcssen jedoch den vollen Reisepreis bezahlen, da F\u00f6rdergelder ausschlie\u00dflich f\u00fcr das Chorprojekt und dessen ausf\u00fchrende Personen verwendet werden d\u00fcrfen.<\/p>\n<p><a href=\"https:\/\/www.gesangverein-weisskirchen.de\/wp-content\/uploads\/2015\/06\/Flyer_Japan.jpg\"><img loading=\"lazy\" decoding=\"async\" src=\"https:\/\/www.gesangverein-weisskirchen.de\/wp-content\/uploads\/2015\/06\/Flyer_Japan.jpg\" alt=\"Flyer_Japan\" width=\"705\" height=\"995\" class=\"alignnone size-full wp-image-1327\" srcset=\"https:\/\/www.gesangverein-weisskirchen.de\/wp-content\/uploads\/2015\/06\/Flyer_Japan.jpg 705w, https:\/\/www.gesangverein-weisskirchen.de\/wp-content\/uploads\/2015\/06\/Flyer_Japan-212x300.jpg 212w\" sizes=\"(max-width: 705px) 100vw, 705px\" \/><\/a><\/p>\n","protected":false},"excerpt":{"rendered":"<p>Kooperationsprojekt des GV Germania 1873 Wei\u00dfkirchen\/Ts. e.V. und der Stadt Oberursel Projektbeschreibung: Der Projektchor \u201eJapan 2017\u201c startet im September 2015 mit den Proben. Ziele dieses Chorprojekts: 14-t\u00e4gige Konzertreise nach Japan, Besuch des Partnerchores \u201eHigashiyamato-Chorensemble\u201c, gemeinsame Konzerte sowie weitere Konzerte und Auftritte in anderen St\u00e4dten Japans. Die Basis des Projektchors bilden [&hellip;]<\/p>\n","protected":false},"author":2,"featured_media":0,"parent":0,"menu_order":0,"comment_status":"closed","ping_status":"closed","template":"","meta":{"ngg_post_thumbnail":0,"footnotes":"","_links_to":"","_links_to_target":""},"class_list":["post-1329","page","type-page","status-publish","hentry"],"_links":{"self":[{"href":"https:\/\/www.gesangverein-weisskirchen.de\/index.php?rest_route=\/wp\/v2\/pages\/1329"}],"collection":[{"href":"https:\/\/www.gesangverein-weisskirchen.de\/index.php?rest_route=\/wp\/v2\/pages"}],"about":[{"href":"https:\/\/www.gesangverein-weisskirchen.de\/index.php?rest_route=\/wp\/v2\/types\/page"}],"author":[{"embeddable":true,"href":"https:\/\/www.gesangverein-weisskirchen.de\/index.php?rest_route=\/wp\/v2\/users\/2"}],"replies":[{"embeddable":true,"href":"https:\/\/www.gesangverein-weisskirchen.de\/index.php?rest_route=%2Fwp%2Fv2%2Fcomments&post=1329"}],"version-history":[{"count":28,"href":"https:\/\/www.gesangverein-weisskirchen.de\/index.php?rest_route=\/wp\/v2\/pages\/1329\/revisions"}],"predecessor-version":[{"id":1803,"href":"https:\/\/www.gesangverein-weisskirchen.de\/index.php?rest_route=\/wp\/v2\/pages\/1329\/revisions\/1803"}],"wp:attachment":[{"href":"https:\/\/www.gesangverein-weisskirchen.de\/index.php?rest_route=%2Fwp%2Fv2%2Fmedia&parent=1329"}],"curies":[{"name":"wp","href":"https:\/\/api.w.org\/{rel}","templated":true}]}}