{"id":138,"date":"2013-04-28T20:19:34","date_gmt":"2013-04-28T20:19:34","guid":{"rendered":"http:\/\/www.weisskirchen-gesangverein.de\/?page_id=138"},"modified":"2025-08-18T12:07:23","modified_gmt":"2025-08-18T12:07:23","slug":"kinderchor","status":"publish","type":"page","link":"https:\/\/www.gesangverein-weisskirchen.de\/?page_id=138","title":{"rendered":"Kinderch\u00f6re"},"content":{"rendered":"<p>Die Kinderch\u00f6re singen mit viel Spa\u00df unter der Leitung von Eike O. M\u00fcller.<\/p>\n<p>Die <strong>Rotkehlchen<\/strong> &#8211; die Kleinsten, ab 4 Jahren bis Klasse E1.<br \/>\nGr\u00fcndung am 11.9.2013.<\/p>\n<p>Die <strong>Nachtigallen<\/strong>, sind zwischen 6 und 9 Jahren, E2 bis 3. Klasse.<br \/>\nEtwa 25 Kinder singen hier mit.<\/p>\n<p>Im &#8222;gro\u00dfen&#8220; Kinderchor<strong> Zaunk\u00f6nige <\/strong>treffen sich w\u00f6chentlich Kinder im Alter von 10 bis 16 Jahren. Auch hier singen ungef\u00e4hr 25 Kinder mit.<\/p>\n<p>Die Nachtigallen zwitschern deutsche Kinderlieder von bekannten Interpreten wie Rolf Zuckowski und Detlef J\u00f6cker und mit besonderer Begeisterung Eike&#8217;s selbstgeschriebene Lieder. Die Gr\u00f6\u00dferen singen auch gern mal den einen oder anderen Radiohit.<\/p>\n<p><img loading=\"lazy\" decoding=\"async\" src=\"https:\/\/www.gesangverein-weisskirchen.de\/wp-content\/uploads\/2024\/07\/DSCF8477-scaled.jpg\" alt=\"\" width=\"840\" height=\"546\"><\/p>\n<p>Sommerfest 2024<\/p>\n<p>In 2012 feierten wir das<a href=\"https:\/\/www.facebook.com\/media\/set\/?set=a.375426645834944.93297.259627894081487&amp;type=3\"> Jubil\u00e4um 40 Jahre Kinderchor <\/a>beim gro\u00dfem Fr\u00fchlingsfest.<\/p>\n<p><a href=\"https:\/\/www.gesangverein-weisskirchen.de\/wp-content\/uploads\/2013\/06\/P1110633.jpg\"><img loading=\"lazy\" decoding=\"async\" class=\"alignnone size-medium wp-image-386\" alt=\"P1110633\" src=\"https:\/\/www.gesangverein-weisskirchen.de\/wp-content\/uploads\/2013\/06\/P1110633-300x137.jpg\" width=\"300\" height=\"137\" srcset=\"https:\/\/www.gesangverein-weisskirchen.de\/wp-content\/uploads\/2013\/06\/P1110633-300x137.jpg 300w, https:\/\/www.gesangverein-weisskirchen.de\/wp-content\/uploads\/2013\/06\/P1110633-1024x470.jpg 1024w, https:\/\/www.gesangverein-weisskirchen.de\/wp-content\/uploads\/2013\/06\/P1110633.jpg 1235w\" sizes=\"(max-width: 300px) 100vw, 300px\" \/><\/a><\/p>\n<p>Rotkehlchen<\/p>\n<p>Probe&nbsp;&nbsp;&nbsp;&nbsp;&nbsp;&nbsp;&nbsp;&nbsp;&nbsp;&nbsp;&nbsp;&nbsp;&nbsp;&nbsp;&nbsp;&nbsp;&nbsp;&nbsp; Mittwoch 15.45 Uhr bis 16.30 Uhr<br \/>\n&nbsp; &nbsp; &nbsp; &nbsp; &nbsp; &nbsp; &nbsp; &nbsp; &nbsp; &nbsp; &nbsp; &nbsp; &nbsp; &nbsp; &nbsp;im Saal im 1. Stock des Feuerwehrhaus Oberursel-Wei\u00dfkirchen<\/p>\n<p>Nachtigallen<\/p>\n<p>Probe&nbsp;&nbsp;&nbsp;&nbsp;&nbsp;&nbsp;&nbsp;&nbsp;&nbsp;&nbsp;&nbsp;&nbsp;&nbsp;&nbsp;&nbsp;&nbsp;&nbsp;&nbsp;&nbsp;Mittwoch 15.45 Uhr bis 16.30 Uhr<br \/>\n&nbsp; &nbsp; &nbsp; &nbsp; &nbsp; &nbsp; &nbsp; &nbsp; &nbsp; &nbsp; &nbsp; &nbsp; &nbsp; &nbsp; &nbsp;im Saal im 1. Stock des Feuerwehrhaus Oberursel-Wei\u00dfkirchen<\/p>\n<p>Zaunk\u00f6nige<\/p>\n<p>Probe&nbsp;&nbsp;&nbsp;&nbsp;&nbsp;&nbsp;&nbsp;&nbsp;&nbsp;&nbsp;&nbsp;&nbsp;&nbsp;&nbsp;&nbsp;&nbsp;&nbsp;&nbsp;&nbsp;Mittwoch 16.45 Uhr bis 17.45 Uhr<br \/>\n&nbsp; &nbsp; &nbsp; &nbsp; &nbsp; &nbsp; &nbsp; &nbsp; &nbsp; &nbsp; &nbsp; &nbsp; &nbsp; &nbsp; &nbsp;im Saal im 1. Stock des Feuerwehrhaus Oberursel-Wei\u00dfkirchen<\/p>\n<p>Dirigent&nbsp;&nbsp;&nbsp;&nbsp;&nbsp;&nbsp;&nbsp;&nbsp;&nbsp;&nbsp;&nbsp;&nbsp;&nbsp;&nbsp;&nbsp;<a href=\"https:\/\/www.gesangverein-weisskirchen.de\/?page_id=4149\">Eike O. M\u00fcller<\/a><\/p>\n<p>Sprecherin&nbsp;&nbsp;&nbsp;&nbsp;&nbsp;&nbsp;&nbsp;&nbsp;&nbsp; Tanja Dieruff<\/p>\n<p><!-- end .entry-content --><\/p>\n","protected":false},"excerpt":{"rendered":"<p>Die Kinderch\u00f6re singen mit viel Spa\u00df unter der Leitung von Eike O. M\u00fcller. Die Rotkehlchen &#8211; die Kleinsten, ab 4 Jahren bis Klasse E1. Gr\u00fcndung am 11.9.2013. Die Nachtigallen, sind zwischen 6 und 9 Jahren, E2 bis 3. Klasse. Etwa 25 Kinder singen hier mit. Im &#8222;gro\u00dfen&#8220; Kinderchor Zaunk\u00f6nige treffen [&hellip;]<\/p>\n","protected":false},"author":2,"featured_media":0,"parent":16,"menu_order":6,"comment_status":"closed","ping_status":"closed","template":"","meta":{"ngg_post_thumbnail":0,"footnotes":"","_links_to":"","_links_to_target":""},"class_list":["post-138","page","type-page","status-publish","hentry"],"_links":{"self":[{"href":"https:\/\/www.gesangverein-weisskirchen.de\/index.php?rest_route=\/wp\/v2\/pages\/138"}],"collection":[{"href":"https:\/\/www.gesangverein-weisskirchen.de\/index.php?rest_route=\/wp\/v2\/pages"}],"about":[{"href":"https:\/\/www.gesangverein-weisskirchen.de\/index.php?rest_route=\/wp\/v2\/types\/page"}],"author":[{"embeddable":true,"href":"https:\/\/www.gesangverein-weisskirchen.de\/index.php?rest_route=\/wp\/v2\/users\/2"}],"replies":[{"embeddable":true,"href":"https:\/\/www.gesangverein-weisskirchen.de\/index.php?rest_route=%2Fwp%2Fv2%2Fcomments&post=138"}],"version-history":[{"count":49,"href":"https:\/\/www.gesangverein-weisskirchen.de\/index.php?rest_route=\/wp\/v2\/pages\/138\/revisions"}],"predecessor-version":[{"id":4154,"href":"https:\/\/www.gesangverein-weisskirchen.de\/index.php?rest_route=\/wp\/v2\/pages\/138\/revisions\/4154"}],"up":[{"embeddable":true,"href":"https:\/\/www.gesangverein-weisskirchen.de\/index.php?rest_route=\/wp\/v2\/pages\/16"}],"wp:attachment":[{"href":"https:\/\/www.gesangverein-weisskirchen.de\/index.php?rest_route=%2Fwp%2Fv2%2Fmedia&parent=138"}],"curies":[{"name":"wp","href":"https:\/\/api.w.org\/{rel}","templated":true}]}}