{"id":2084,"date":"2017-12-18T13:43:52","date_gmt":"2017-12-18T13:43:52","guid":{"rendered":"http:\/\/www.gesangverein-weisskirchen.de\/?page_id=2084"},"modified":"2020-08-23T12:01:23","modified_gmt":"2020-08-23T12:01:23","slug":"chorprojekt-musikalische-zeitreise","status":"publish","type":"page","link":"https:\/\/www.gesangverein-weisskirchen.de\/?page_id=2084","title":{"rendered":"Chorprojekt Musikalische Zeitreise"},"content":{"rendered":"<h3>&#8211; eine chorische Reise durch die Epochen von Barock \u00fcber Romantik zur Moderne<\/h3>\n<h4>Projekt des GV Germania 1873 Wei\u00dfkirchen\/Ts. e.V.<\/h4>\n<p><u><strong>Projektbeschreibung:<\/strong><\/u><br \/>\nDer Projektchor \u201eMusikalische Zeitreise &#8211; eine chorische Reise durch die Epochen von Barock \u00fcber Romantik zur Moderne\u201c startete im Februar 2018 mit den Proben <span>mit Chorleiter Mark Opeskin<\/span>.<br \/>\nZiele dieses Chorprojekts: Auff\u00fchrungen der Werke.<\/p>\n<p><a href=\"https:\/\/www.gesangverein-weisskirchen.de\/?p=2586\">Premierenkonzert<\/a> war im Fr\u00fchjahr 2019 im Hochtaunuskreis in der Pfarrkirche St. Crutzen <span>mit Chorleiter Mark Opeskin<\/span>.<br \/>\nDie einw\u00f6chige Chor-Reise vom 12.-16.04.2019 ging nach <a href=\"https:\/\/www.hochtaunusverlag.de\/Archiv\/080519Oberurseler%20Woche.pdf#page=12\">Haifa<\/a> und <a href=\"https:\/\/www.gesangverein-weisskirchen.de\/wp-content\/uploads\/2019\/07\/Kurier-Ausgabe-2_2019.pdf\">Gilboa in Israel<\/a> mit Chorleiter Mark Opeskin.<\/p>\n<p><span>Vom 10. &#8211; 14. Juni 2020 war die Chor-Reise nach England geplant mit Chorleiter Peer-Martin Sturm. Es ist geplant sie um 1 Jahr zu verschieben.<\/span><\/p>\n<p>Die Chorgr\u00f6\u00dfe betr\u00e4gt etwa 40 Personen.<\/p>\n<p><strong>Repertoire<\/strong>:<br \/>\nBarock: Jan Dismas Zelenka, Magnificat (WVZ 108) in D &#8211; Dur<br \/>\nRomantik: Antonin Dvorak, Messe D &#8211; Dur, Op. 86<br \/>\nModerne:&nbsp;Benjamin&nbsp;Britten, Te Deum in C- Dur<\/p>\n<p><strong>Probenrhythmus Projektchor<\/strong>:<br \/>\nEinmal monatlich samstags.<br \/>\nExtraproben und Probenwochenende bei Bedarf.<br \/>\nDie n\u00e4chsten Proben sind:<\/p>\n<p>Erst mal abgesagt.<\/p>\n<p><strong>Probenraum<\/strong>:<br \/>\nVereinsraum. Feuerwehrhaus Wei\u00dfkirchen,<br \/>\nFriedrich-Ludwig-Jahn-Str. 2a, Oberursel-Wei\u00dfkirchen<\/p>\n<p><strong>Chorleiter<\/strong>:<br \/>\nPeer-Martin Sturm [Mark Opeskin]<\/p>\n<p><strong>Teilnahmevoraussetzung<\/strong>:<br \/>\nChorerfahrung und Stimmsicherheit. Das Casting ist abgeschlossen.<br \/>\nAn S\u00e4nger\/innen ist die Erwartung gerichtet, sich das Repertoire in Eigenregie mittels zur Verf\u00fcgung gestellter Probenmedien eigenst\u00e4ndig zu erarbeiten.<\/p>\n<p><strong>Kontakt email-Adresse<\/strong>:<br \/>\ninfo@gesangverein-weisskirchen.de<\/p>\n","protected":false},"excerpt":{"rendered":"<p>&#8211; eine chorische Reise durch die Epochen von Barock \u00fcber Romantik zur Moderne Projekt des GV Germania 1873 Wei\u00dfkirchen\/Ts. e.V. Projektbeschreibung: Der Projektchor \u201eMusikalische Zeitreise &#8211; eine chorische Reise durch die Epochen von Barock \u00fcber Romantik zur Moderne\u201c startete im Februar 2018 mit den Proben mit Chorleiter Mark Opeskin. Ziele [&hellip;]<\/p>\n","protected":false},"author":2,"featured_media":0,"parent":0,"menu_order":0,"comment_status":"closed","ping_status":"closed","template":"","meta":{"ngg_post_thumbnail":0,"footnotes":"","_links_to":"","_links_to_target":""},"class_list":["post-2084","page","type-page","status-publish","hentry"],"_links":{"self":[{"href":"https:\/\/www.gesangverein-weisskirchen.de\/index.php?rest_route=\/wp\/v2\/pages\/2084"}],"collection":[{"href":"https:\/\/www.gesangverein-weisskirchen.de\/index.php?rest_route=\/wp\/v2\/pages"}],"about":[{"href":"https:\/\/www.gesangverein-weisskirchen.de\/index.php?rest_route=\/wp\/v2\/types\/page"}],"author":[{"embeddable":true,"href":"https:\/\/www.gesangverein-weisskirchen.de\/index.php?rest_route=\/wp\/v2\/users\/2"}],"replies":[{"embeddable":true,"href":"https:\/\/www.gesangverein-weisskirchen.de\/index.php?rest_route=%2Fwp%2Fv2%2Fcomments&post=2084"}],"version-history":[{"count":25,"href":"https:\/\/www.gesangverein-weisskirchen.de\/index.php?rest_route=\/wp\/v2\/pages\/2084\/revisions"}],"predecessor-version":[{"id":2808,"href":"https:\/\/www.gesangverein-weisskirchen.de\/index.php?rest_route=\/wp\/v2\/pages\/2084\/revisions\/2808"}],"wp:attachment":[{"href":"https:\/\/www.gesangverein-weisskirchen.de\/index.php?rest_route=%2Fwp%2Fv2%2Fmedia&parent=2084"}],"curies":[{"name":"wp","href":"https:\/\/api.w.org\/{rel}","templated":true}]}}