{"id":2960,"date":"2021-01-21T16:23:52","date_gmt":"2021-01-21T16:23:52","guid":{"rendered":"http:\/\/www.gesangverein-weisskirchen.de\/?page_id=2960"},"modified":"2024-03-06T19:16:21","modified_gmt":"2024-03-06T19:16:21","slug":"dirigent","status":"publish","type":"page","link":"https:\/\/www.gesangverein-weisskirchen.de\/?page_id=2960","title":{"rendered":"Dirigentin"},"content":{"rendered":"\n<figure class=\"wp-block-image size-large\"><img loading=\"lazy\" decoding=\"async\" width=\"307\" height=\"459\" src=\"https:\/\/www.gesangverein-weisskirchen.de\/wp-content\/uploads\/2024\/02\/240130_Chor-33a.jpg\" alt=\"\" class=\"wp-image-3763\" srcset=\"https:\/\/www.gesangverein-weisskirchen.de\/wp-content\/uploads\/2024\/02\/240130_Chor-33a.jpg 307w, https:\/\/www.gesangverein-weisskirchen.de\/wp-content\/uploads\/2024\/02\/240130_Chor-33a-201x300.jpg 201w\" sizes=\"(max-width: 307px) 100vw, 307px\" \/><\/figure>\n\n\n\n<p>Alexandra Ziegler-Liebst ist  die Dirigentin des <a href=\"https:\/\/www.gesangverein-weisskirchen.de\/?page_id=134\">Pop- und Jazzchor Oberursel<\/a>.<\/p>\n\n\n\n<p>Sie studierte Musikp\u00e4dagogin M.A. und Spiel- und Theaterp\u00e4dagogin BuT in M\u00fcnchen. Dort war sie u. a. als Musikp\u00e4dagogin t\u00e4tig und leitete drei Pop- und Jazzch\u00f6re, bevor sie 2012 nach Frankfurt \u00fcbersiedelte.<\/p>\n\n\n\n<p>Alexandra Ziegler-Liebst ist seit 2012 als autorisierte Gesangslehrerin f\u00fcr die Complete Vocal Technique t\u00e4tig. Ihre langj\u00e4hrige und breitgef\u00e4cherte Erfahrung im Bereich Musik- und Gesangsp\u00e4dagogik gibt sie deutschlandweit in Chorcoachings, Workshops und CVT Seminaren weiter.<\/p>\n\n\n\n<p>Neben dem Pop- und Jazzchor Oberursel leitet sie noch einen weiteren Chor, <br><a href=\"https:\/\/www.alexandra-ziegler-voice.com\/projekte\/die-lauten-laien-chor\" target=\"_blank\" rel=\"noreferrer noopener\" aria-label=\"Die Lauten Laien (\u00f6ffnet in neuem Tab)\">Die Lauten Laien<\/a><\/p>\n\n\n\n<p><\/p>\n","protected":false},"excerpt":{"rendered":"<p>Alexandra Ziegler-Liebst ist die Dirigentin des Pop- und Jazzchor Oberursel. Sie studierte Musikp\u00e4dagogin M.A. und Spiel- und Theaterp\u00e4dagogin BuT in M\u00fcnchen. Dort war sie u. a. als Musikp\u00e4dagogin t\u00e4tig und leitete drei Pop- und Jazzch\u00f6re, bevor sie 2012 nach Frankfurt \u00fcbersiedelte. Alexandra Ziegler-Liebst ist seit 2012 als autorisierte Gesangslehrerin f\u00fcr [&hellip;]<\/p>\n","protected":false},"author":2,"featured_media":0,"parent":0,"menu_order":0,"comment_status":"closed","ping_status":"closed","template":"","meta":{"ngg_post_thumbnail":0,"footnotes":"","_links_to":"","_links_to_target":""},"class_list":["post-2960","page","type-page","status-publish","hentry"],"_links":{"self":[{"href":"https:\/\/www.gesangverein-weisskirchen.de\/index.php?rest_route=\/wp\/v2\/pages\/2960"}],"collection":[{"href":"https:\/\/www.gesangverein-weisskirchen.de\/index.php?rest_route=\/wp\/v2\/pages"}],"about":[{"href":"https:\/\/www.gesangverein-weisskirchen.de\/index.php?rest_route=\/wp\/v2\/types\/page"}],"author":[{"embeddable":true,"href":"https:\/\/www.gesangverein-weisskirchen.de\/index.php?rest_route=\/wp\/v2\/users\/2"}],"replies":[{"embeddable":true,"href":"https:\/\/www.gesangverein-weisskirchen.de\/index.php?rest_route=%2Fwp%2Fv2%2Fcomments&post=2960"}],"version-history":[{"count":9,"href":"https:\/\/www.gesangverein-weisskirchen.de\/index.php?rest_route=\/wp\/v2\/pages\/2960\/revisions"}],"predecessor-version":[{"id":3764,"href":"https:\/\/www.gesangverein-weisskirchen.de\/index.php?rest_route=\/wp\/v2\/pages\/2960\/revisions\/3764"}],"wp:attachment":[{"href":"https:\/\/www.gesangverein-weisskirchen.de\/index.php?rest_route=%2Fwp%2Fv2%2Fmedia&parent=2960"}],"curies":[{"name":"wp","href":"https:\/\/api.w.org\/{rel}","templated":true}]}}