{"id":374,"date":"2013-06-05T19:25:16","date_gmt":"2013-06-05T19:25:16","guid":{"rendered":"http:\/\/www.weisskirchen-gesangverein.de\/?page_id=374"},"modified":"2023-01-13T18:38:18","modified_gmt":"2023-01-13T18:38:18","slug":"historie","status":"publish","type":"page","link":"https:\/\/www.gesangverein-weisskirchen.de\/?page_id=374","title":{"rendered":"Historie"},"content":{"rendered":"<p>Im 19. Jahrhundert schlossen sich Gruppen erstmals au\u00dferhalb der Kirchenmusik zu Liedertafeln und Singgemeinschaften zusammen. <strong>1873<\/strong>, zwei Jahre nach Gr\u00fcndung des Deutschen Reiches, entstand unter dem bekennenden Namen <strong>&#8222;Germania&#8220;<\/strong> ein neuer Wei\u00dfkirchener Verein f\u00fcr das Singen. Bis nach dem zweiten Weltkrieg blieb der Gesangverein ein reiner M\u00e4nnerverein.<\/p>\n<p>In den siebziger Jahren des letzten Jahrhunderts (1972) wurde der erste Kinderchor im Hinblick auf die Nachwuchsf\u00f6rderung gegr\u00fcndet. 1977 gr\u00fcndete sich schlie\u00dflich ein Frauenchor. Logisch, dass dieser dann auch gemeinsam mit den M\u00e4nnern als Gemischter Chor auftrat. Und diejenigen, die dem Kinderchor entwachsen sind, formierten sich immer wieder zu Jugendch\u00f6ren, die mit modernerer Musik den Zeitgeist pflegten. Aus einem dieser Jugendch\u00f6re entstand der heutige Pop- und Jazzchor Oberursel.<\/p>\n<p>Heute ist der <strong>Gesangverein Germania <\/strong>eine etablierte Institution in Oberursel. Der Verein hat sich zur Aufgabe gemacht, sowohl Traditionelles zu bewahren als auch modernes musikalisches Repertoire und musikalische Bildung zu f\u00f6rdern.<\/p>\n<p>Musikbildung im Kinder- und Jugendchor, als auch beim Pop- und Jazzchor Oberursel, Singen f\u00fcr und mit Eltern, Kooperationen Schule \u2013 Chor oder Chor \u2013 Sponsor, Angebote zur Fortbildungen f\u00fcr S\u00e4ngerinnen, S\u00e4nger und Chorleiter sind Inhalte unseres Vereinslebens. Mit jeder Chorprobe (rund 50 mal im Jahr), jedem Auftritt ist ein Schritt zu mehr musikalischer Praxis der acht Ch\u00f6re \u2013 und damit zur musikalischen Bildung getan.<\/p>\n","protected":false},"excerpt":{"rendered":"<p>Im 19. Jahrhundert schlossen sich Gruppen erstmals au\u00dferhalb der Kirchenmusik zu Liedertafeln und Singgemeinschaften zusammen. 1873, zwei Jahre nach Gr\u00fcndung des Deutschen Reiches, entstand unter dem bekennenden Namen &#8222;Germania&#8220; ein neuer Wei\u00dfkirchener Verein f\u00fcr das Singen. Bis nach dem zweiten Weltkrieg blieb der Gesangverein ein reiner M\u00e4nnerverein. In den siebziger [&hellip;]<\/p>\n","protected":false},"author":2,"featured_media":0,"parent":5,"menu_order":0,"comment_status":"closed","ping_status":"open","template":"","meta":{"ngg_post_thumbnail":0,"footnotes":"","_links_to":"","_links_to_target":""},"class_list":["post-374","page","type-page","status-publish","hentry"],"_links":{"self":[{"href":"https:\/\/www.gesangverein-weisskirchen.de\/index.php?rest_route=\/wp\/v2\/pages\/374"}],"collection":[{"href":"https:\/\/www.gesangverein-weisskirchen.de\/index.php?rest_route=\/wp\/v2\/pages"}],"about":[{"href":"https:\/\/www.gesangverein-weisskirchen.de\/index.php?rest_route=\/wp\/v2\/types\/page"}],"author":[{"embeddable":true,"href":"https:\/\/www.gesangverein-weisskirchen.de\/index.php?rest_route=\/wp\/v2\/users\/2"}],"replies":[{"embeddable":true,"href":"https:\/\/www.gesangverein-weisskirchen.de\/index.php?rest_route=%2Fwp%2Fv2%2Fcomments&post=374"}],"version-history":[{"count":11,"href":"https:\/\/www.gesangverein-weisskirchen.de\/index.php?rest_route=\/wp\/v2\/pages\/374\/revisions"}],"predecessor-version":[{"id":3350,"href":"https:\/\/www.gesangverein-weisskirchen.de\/index.php?rest_route=\/wp\/v2\/pages\/374\/revisions\/3350"}],"up":[{"embeddable":true,"href":"https:\/\/www.gesangverein-weisskirchen.de\/index.php?rest_route=\/wp\/v2\/pages\/5"}],"wp:attachment":[{"href":"https:\/\/www.gesangverein-weisskirchen.de\/index.php?rest_route=%2Fwp%2Fv2%2Fmedia&parent=374"}],"curies":[{"name":"wp","href":"https:\/\/api.w.org\/{rel}","templated":true}]}}