{"id":3847,"date":"2024-03-06T19:01:48","date_gmt":"2024-03-06T19:01:48","guid":{"rendered":"https:\/\/www.gesangverein-weisskirchen.de\/?page_id=3847"},"modified":"2025-08-18T11:50:08","modified_gmt":"2025-08-18T11:50:08","slug":"dirigat","status":"publish","type":"page","link":"https:\/\/www.gesangverein-weisskirchen.de\/?page_id=3847","title":{"rendered":"Dirigat"},"content":{"rendered":"\n<p><a href=\"https:\/\/www.gesangverein-weisskirchen.de\/?page_id=2960\" data-type=\"page\" data-id=\"2960\">Alexandra Ziegler-Liebst<\/a> ist die Dirigentin des&nbsp;<a href=\"https:\/\/www.gesangverein-weisskirchen.de\/?page_id=134\">Pop- und Jazzchor Oberursel<\/a>.<\/p>\n\n\n\n<p><br><\/p>\n\n\n\n<p><a href=\"https:\/\/www.gesangverein-weisskirchen.de\/?page_id=4131\">Katja Blumenhein<\/a> ist die Dirigentin des <a href=\"https:\/\/www.gesangverein-weisskirchen.de\/?page_id=130\">Frauenchores<\/a>.<\/p>\n\n\n\n<p><br><\/p>\n\n\n\n<p><a href=\"https:\/\/www.gesangverein-weisskirchen.de\/?page_id=4149\">Eike O. M\u00fcller<\/a> ist der Dirigent der <a href=\"https:\/\/www.gesangverein-weisskirchen.de\/?page_id=138\" data-type=\"page\" data-id=\"138\">Kinderch\u00f6re<\/a>.<\/p>\n\n\n\n<p><br><\/p>\n\n\n\n<p><a href=\"https:\/\/www.musikschule-friedrichsdorf.de\/instrumente\/rock-pop-gesang.html?view=article&amp;id=110:ueber-uns-kollegium-peer-martin-sturm&amp;catid=38:kollegium-personen\" target=\"_blank\" rel=\"noreferrer noopener\">Peer-Martin Sturm<\/a> ist der Dirigent des&nbsp;<a href=\"https:\/\/www.gesangverein-weisskirchen.de\/?page_id=97\">M\u00e4nnerchores<\/a>.<\/p>\n\n\n\n<p><br><\/p>\n\n\n\n<p><br><\/p>\n","protected":false},"excerpt":{"rendered":"<p>Alexandra Ziegler-Liebst ist die Dirigentin des&nbsp;Pop- und Jazzchor Oberursel. Katja Blumenhein ist die Dirigentin des Frauenchores. Eike O. M\u00fcller ist der Dirigent der Kinderch\u00f6re. Peer-Martin Sturm ist der Dirigent des&nbsp;M\u00e4nnerchores.<\/p>\n","protected":false},"author":2,"featured_media":0,"parent":0,"menu_order":0,"comment_status":"closed","ping_status":"closed","template":"","meta":{"ngg_post_thumbnail":0,"footnotes":"","_links_to":"","_links_to_target":""},"class_list":["post-3847","page","type-page","status-publish","hentry"],"_links":{"self":[{"href":"https:\/\/www.gesangverein-weisskirchen.de\/index.php?rest_route=\/wp\/v2\/pages\/3847"}],"collection":[{"href":"https:\/\/www.gesangverein-weisskirchen.de\/index.php?rest_route=\/wp\/v2\/pages"}],"about":[{"href":"https:\/\/www.gesangverein-weisskirchen.de\/index.php?rest_route=\/wp\/v2\/types\/page"}],"author":[{"embeddable":true,"href":"https:\/\/www.gesangverein-weisskirchen.de\/index.php?rest_route=\/wp\/v2\/users\/2"}],"replies":[{"embeddable":true,"href":"https:\/\/www.gesangverein-weisskirchen.de\/index.php?rest_route=%2Fwp%2Fv2%2Fcomments&post=3847"}],"version-history":[{"count":14,"href":"https:\/\/www.gesangverein-weisskirchen.de\/index.php?rest_route=\/wp\/v2\/pages\/3847\/revisions"}],"predecessor-version":[{"id":4151,"href":"https:\/\/www.gesangverein-weisskirchen.de\/index.php?rest_route=\/wp\/v2\/pages\/3847\/revisions\/4151"}],"wp:attachment":[{"href":"https:\/\/www.gesangverein-weisskirchen.de\/index.php?rest_route=%2Fwp%2Fv2%2Fmedia&parent=3847"}],"curies":[{"name":"wp","href":"https:\/\/api.w.org\/{rel}","templated":true}]}}