{"id":433,"date":"2013-06-08T10:16:11","date_gmt":"2013-06-08T10:16:11","guid":{"rendered":"http:\/\/www.weisskirchen-gesangverein.de\/?page_id=433"},"modified":"2026-02-19T21:58:55","modified_gmt":"2026-02-19T21:58:55","slug":"entwicklung","status":"publish","type":"page","link":"https:\/\/www.gesangverein-weisskirchen.de\/?page_id=433","title":{"rendered":"Entwicklung"},"content":{"rendered":"<p><a title=\"Pop- und Jazzchor Oberursel\" href=\"https:\/\/www.gesangverein-weisskirchen.de\/?page_id=134\">Pop- und Jazzchor Oberursel<\/a> &#8211; Entstehung und Entwicklung<\/p>\n<p>Der Pop- und Jazzchor Oberursel geh\u00f6rt zu den renommiertesten Pop-, Rock- und Jazzch\u00f6ren im Rhein-Main-Gebiet. Er wurde 1982 als Jugendchor gegr\u00fcndet, um ein Bindeglied zwischen dem Kinderchor und den Erwachsenench\u00f6ren des Vereins zu bilden. Seit 1993 trug der Chor den Namen \u201dTontauben\u201d und unterscheidet sich von den anderen Ch\u00f6ren des Vereins durch die Auswahl der Literatur. Auf dem Programm stehen St\u00fccke aus den Bereichen Jazz, Pop und Rock. 2017 wurde der Name in Pop- und Jazzchor Oberursel ge\u00e4ndert. <a href=\"https:\/\/www.gesangverein-weisskirchen.de\/?page_id=412\">Mark Opeskin<\/a> war von 2004-2020 der Dirigent des Chores.<\/p>\n<p>Au\u00dfer der Teilnahme an Veranstaltungen des Gesamtvereins organisiert der Pop- und Jazzchor Oberursel auch eigene Konzerte, als Tontauben in 2002 mit dem Vokalensemble Sweet Vibe aus der Partnerstadt Epinay in Frankreich, in <!--a href=\"http:\/\/fotoalbum.web.de\/gast\/germania_weisskirchen_2005\/200511_Konzert_Tontauben\" target=\"_blank\"-->2005<!--\/a--> und <!--a href=\"http:\/\/fotoalbum.web.de\/gast\/germania_weisskirchen0702\/200711_Konzert_Tontauben\" target=\"_blank\"-->2007<!--\/a--> mit der Band&nbsp;<a href=\"http:\/\/www.jazzconfusion.de\/\" target=\"_blank\" rel=\"noopener\">JAZZconfusion<\/a> aus Oberursel. Ebenfalls mit JAZZconfusion traten wir am <!--a href=\"http:\/\/fotoalbum.web.de\/gast\/germania_weisskirchen2008\/20080518_Brunnenfest\" target=\"_blank\"-->18.9.2008<!--\/a--> und <!--a href=\"http:\/\/fotoalbum.web.de\/gast\/germania_weisskirchen2008\/20080519_Brunnenfest\" target=\"_blank\"-->19.9.2008<!--\/a--> auf dem Brunnenfest Oberursel auf.<\/p>\n<p>Daneben nahmen wir z. B. am Hessischen Chorfestival (fr\u00fcher Bundesleistungssingen) in 2005 und in 2011, am <!--a href=\"https:\/\/fotoalbum.web.de\/gast\/germania_weisskirchen_2006\/200611_Leistungschor_Tontauben\" target=\"_blank\"-->Kreisleistungssingen des Hochtaunuskreis 2006<!--\/a--> oder am Wettbewerb Pop, Jazz &amp; Rock bei den Chortagen 2008 Freigericht Neuses teil, um unsere Leistung mit der anderer Gruppen des gleichen Genres zu messen.<\/p>\n<p>2010 war f\u00fcr die Tontauben ein Projekt-Jahr. Zusammen mit Gasts\u00e4ngern wurde ein Konzertprogramm mit den Werken \u201eMagnificat (The Groovy Version Of Ox)\u201c von Christoph Sch\u00f6nherr und \u201eGospel Mass\u201c von Robert Ray einstudiert. <a title=\"Konzerte 2010\" href=\"https:\/\/www.gesangverein-weisskirchen.de\/?page_id=479\">4 Konzerte<\/a> im ganzen Rhein-Main-Gebiet wurden aufgef\u00fchrt. <a title=\"Konzerte 2010\" href=\"https:\/\/www.gesangverein-weisskirchen.de\/?page_id=479\">2011<\/a> gab es ein Revival beim Hessentag.<\/p>\n<p>2012\/2013 gab es eigene Konzerte &#8222;All that Jazz&#8220;, Konzert auf dem Brunnenfest und &#8222;Swing Serenade&#8220; im Jubil\u00e4ums-Jahr des Vereins.<\/p>\n<p>2014 und 2016 veranstaltete der Chor gemeinsame Konzerte mit <a href=\"http:\/\/www.adhoc-chor.de\/\" target=\"_blank\" rel=\"noopener\">&#8222;ad hoc&#8220;<\/a> und pr\u00e4sentierte sich 2014 und 2016 bei den Festivokal Er\u00f6ffnungskonzerten in Bad Nauheim.<\/p>\n<p>Bei \u00fcberregionalen Veranstaltungen nahmen die Tontauben 2014 am Volkslieder Chorfest im Hessenpark teil, sowie 2014 und 2018 am Hessischen Chorfest.<\/p>\n<p>2015 machten wir Flashmops im Nordwestzentrum und auf dem Brunnenfest.<\/p>\n<p>Zusammen mit dem M\u00f6venpick Hotel Oberursel lud der Chor 2016 und 2017 zum Dinnerkonzert ein.<\/p>\n<p>2018 trat der&nbsp;Pop- und Jazzchor Oberursel bei der Nacht der Musik in Bad Homburg auf.<\/p>\n<p>Nach einem weiteren Projektarbeitsjahr f\u00fchrten wir 2019 die Sacred Concerts von Duke Ellington mit der MBR-Big Band Mainz bei 2 Konzerten in Mainz und Oberursel auf.<\/p>\n<p>Im Corona Jahr 2020 probten wir Online und auf dem Parkdeck des Rilano Hotels.<\/p>\n<p>2022 waren wir mit Alexandra Ziegler-Liebst auf dem <a href=\"https:\/\/www.gesangverein-weisskirchen.de\/?p=3230\">Chorfest in Leipzig<\/a> und gaben 2 Konzerte mit dem Jazz-Duo <a href=\"https:\/\/www.gesangverein-weisskirchen.de\/wp-content\/uploads\/2022\/10\/Flyer-BadHomburg-1-scaled.jpg\">Hanna&#8217;s Bakery<\/a>. 2023 f\u00fchrten wir 3x unsere <a href=\"https:\/\/www.gesangverein-weisskirchen.de\/?p=3629\">Freue dich! Konzerte<\/a> auf.<\/p>\n<p><a href=\"https:\/\/www.gesangverein-weisskirchen.de\/?event=jubilaeumskonzert\">FILMMUSIK&#8230; CHOR AB!<\/a> hie\u00df es 2024 beim Jubili\u00e4umskonzert des gesamten Vereins.<\/p>\n<p>2025 waren wir auf dem <a href=\"https:\/\/www.gesangverein-weisskirchen.de\/?p=4083\">Chorfest in N\u00fcrnberg<\/a> und gaben 3 Konzerte <a href=\"https:\/\/www.gesangverein-weisskirchen.de\/?p=4197\">Pop- und Jazzchor Oberursel meets Jazz Sisters Quartet<\/a>.<\/p>\n<p>Unter der F\u00fchrung von <a href=\"https:\/\/www.gesangverein-weisskirchen.de\/?page_id=2960\">Alexandra Ziegler-Liebst<\/a> will der Pop- und Jazzchor Oberursel sich auch theoretisch und rhythmisch weiterentwickeln, ohne dabei die musikalische Ausrichtung aus den Augen zu verlieren.<\/p>\n<p>Wir haben ein festes, jederzeit abrufbares <a title=\"Repertoire\" href=\"https:\/\/www.gesangverein-weisskirchen.de\/?page_id=436\">Repertoire<\/a>, mit dem wir spontan an Veranstaltungen oder Konzerten teilnehmen k\u00f6nnen.<\/p>\n<p>Nat\u00fcrlich kann man den Pop- und Jazzchor Oberursel auch f\u00fcr private Feiern oder gemeinsame Konzerte buchen.<\/p>\n<p>Interessenten, die mitsingen wollen, sind jederzeit herzlich willkommen. Einfach mal anrufen oder eine Mail schreiben.<\/p>\n","protected":false},"excerpt":{"rendered":"<p>Pop- und Jazzchor Oberursel &#8211; Entstehung und Entwicklung Der Pop- und Jazzchor Oberursel geh\u00f6rt zu den renommiertesten Pop-, Rock- und Jazzch\u00f6ren im Rhein-Main-Gebiet. Er wurde 1982 als Jugendchor gegr\u00fcndet, um ein Bindeglied zwischen dem Kinderchor und den Erwachsenench\u00f6ren des Vereins zu bilden. Seit 1993 trug der Chor den Namen \u201dTontauben\u201d [&hellip;]<\/p>\n","protected":false},"author":2,"featured_media":0,"parent":134,"menu_order":0,"comment_status":"closed","ping_status":"open","template":"","meta":{"ngg_post_thumbnail":0,"footnotes":"","_links_to":"","_links_to_target":""},"class_list":["post-433","page","type-page","status-publish","hentry"],"_links":{"self":[{"href":"https:\/\/www.gesangverein-weisskirchen.de\/index.php?rest_route=\/wp\/v2\/pages\/433"}],"collection":[{"href":"https:\/\/www.gesangverein-weisskirchen.de\/index.php?rest_route=\/wp\/v2\/pages"}],"about":[{"href":"https:\/\/www.gesangverein-weisskirchen.de\/index.php?rest_route=\/wp\/v2\/types\/page"}],"author":[{"embeddable":true,"href":"https:\/\/www.gesangverein-weisskirchen.de\/index.php?rest_route=\/wp\/v2\/users\/2"}],"replies":[{"embeddable":true,"href":"https:\/\/www.gesangverein-weisskirchen.de\/index.php?rest_route=%2Fwp%2Fv2%2Fcomments&post=433"}],"version-history":[{"count":25,"href":"https:\/\/www.gesangverein-weisskirchen.de\/index.php?rest_route=\/wp\/v2\/pages\/433\/revisions"}],"predecessor-version":[{"id":4283,"href":"https:\/\/www.gesangverein-weisskirchen.de\/index.php?rest_route=\/wp\/v2\/pages\/433\/revisions\/4283"}],"up":[{"embeddable":true,"href":"https:\/\/www.gesangverein-weisskirchen.de\/index.php?rest_route=\/wp\/v2\/pages\/134"}],"wp:attachment":[{"href":"https:\/\/www.gesangverein-weisskirchen.de\/index.php?rest_route=%2Fwp%2Fv2%2Fmedia&parent=433"}],"curies":[{"name":"wp","href":"https:\/\/api.w.org\/{rel}","templated":true}]}}