{"id":479,"date":"2013-06-08T19:43:05","date_gmt":"2013-06-08T19:43:05","guid":{"rendered":"http:\/\/www.weisskirchen-gesangverein.de\/?page_id=479"},"modified":"2017-01-12T20:27:20","modified_gmt":"2017-01-12T20:27:20","slug":"konzerte","status":"publish","type":"page","link":"https:\/\/www.gesangverein-weisskirchen.de\/?page_id=479","title":{"rendered":"Konzerte 2010\/11"},"content":{"rendered":"<p><strong>Jazz Magnificat und Gospel Mass<\/strong><\/p>\n<p>Erneute Auff\u00fchrung des Konzerts in der Oberurseler Liebfrauenkirche beim Hessentag 2011\u00a0<\/p>\n<p><a href=\"https:\/\/www.gesangverein-weisskirchen.de\/wp-content\/uploads\/2013\/06\/image003.jpg\"><img loading=\"lazy\" decoding=\"async\" class=\"alignnone  wp-image-490\" alt=\"image003\" src=\"https:\/\/www.gesangverein-weisskirchen.de\/wp-content\/uploads\/2013\/06\/image003.jpg\" width=\"337\" height=\"476\" srcset=\"https:\/\/www.gesangverein-weisskirchen.de\/wp-content\/uploads\/2013\/06\/image003.jpg 703w, https:\/\/www.gesangverein-weisskirchen.de\/wp-content\/uploads\/2013\/06\/image003-212x300.jpg 212w\" sizes=\"(max-width: 337px) 100vw, 337px\" \/><\/a><\/p>\n<p><a title=\"Die Tontauben\" href=\"https:\/\/www.gesangverein-weisskirchen.de\/?page_id=134\">Die Tontauben<\/a> gibt es seit gut 20 Jahren. Zeit sich ein umfangreiches Repertoire der Pop- und Jazzmusik zu erarbeiten. 2010 wurden vier Konzerte im Rhein-Main Gebiet aufgef\u00fchrt. Sie begannen mit dem erst 5 Jahre alten \u201eMagnificat, The Groovy Version of OX\u201c von Christoph Sch\u00f6nherr. Als einer der ma\u00dfgebenden und bedeutendsten Personen in der deutschen Jazz-Chor-Szene, stellt er in seinem \u201eMagnificat\u201c eine starke Maria heraus, die nichts mit dem verkl\u00e4renden und entr\u00fcckenden Marienkult gemein hat, real und musikalisch stark. Seine Maria freut sich \u00fcber ihre Schwangerschaft, ergreift aber auch in ihrem Gottesbild Partei f\u00fcr die Armen und Bed\u00fcrftigen. Unterstrichen wird die Aktualit\u00e4t durch den in englischer und lateinischer Sprache gehaltenen Text. Sch\u00f6nherrs Musik ist reich an verschiedenen Genres: swingende, rockig-jazzige und mitrei\u00dfend lateinamerikanische Rhythmen in der Chormusik.<\/p>\n<p>Das zweite Werk war die \u201eGospel Mass\u201c von Robert Ray. Entstanden ist dieses Werk 1981 in den USA auf Anregung eines ihm bekannten Paters. Auch wenn der Titel in erster Linie Gospelmusik erwarten l\u00e4sst, sind viele St\u00fccke dieser Messe doch eher rockiger Natur.<\/p>\n<p>Ariane Treffer, Altistin des Allegria-Sextetts, und Band unterst\u00fctzten die Tontauben bei den Konzerten musikalisch.<\/p>\n<p>In 2011 gab es nochmal die M\u00f6glichkeit dieses tolle Konzert der Tontauben zu erleben:<br \/>\nAm 13.6.2011 in der Liebfrauenkirche in Oberursel beim Hessentag.<\/p>\n","protected":false},"excerpt":{"rendered":"<p>Jazz Magnificat und Gospel Mass Erneute Auff\u00fchrung des Konzerts in der Oberurseler Liebfrauenkirche beim Hessentag 2011\u00a0 Die Tontauben gibt es seit gut 20 Jahren. Zeit sich ein umfangreiches Repertoire der Pop- und Jazzmusik zu erarbeiten. 2010 wurden vier Konzerte im Rhein-Main Gebiet aufgef\u00fchrt. Sie begannen mit dem erst 5 Jahre [&hellip;]<\/p>\n","protected":false},"author":2,"featured_media":0,"parent":433,"menu_order":0,"comment_status":"closed","ping_status":"open","template":"","meta":{"ngg_post_thumbnail":0,"footnotes":"","_links_to":"","_links_to_target":""},"class_list":["post-479","page","type-page","status-publish","hentry"],"_links":{"self":[{"href":"https:\/\/www.gesangverein-weisskirchen.de\/index.php?rest_route=\/wp\/v2\/pages\/479"}],"collection":[{"href":"https:\/\/www.gesangverein-weisskirchen.de\/index.php?rest_route=\/wp\/v2\/pages"}],"about":[{"href":"https:\/\/www.gesangverein-weisskirchen.de\/index.php?rest_route=\/wp\/v2\/types\/page"}],"author":[{"embeddable":true,"href":"https:\/\/www.gesangverein-weisskirchen.de\/index.php?rest_route=\/wp\/v2\/users\/2"}],"replies":[{"embeddable":true,"href":"https:\/\/www.gesangverein-weisskirchen.de\/index.php?rest_route=%2Fwp%2Fv2%2Fcomments&post=479"}],"version-history":[{"count":14,"href":"https:\/\/www.gesangverein-weisskirchen.de\/index.php?rest_route=\/wp\/v2\/pages\/479\/revisions"}],"predecessor-version":[{"id":1816,"href":"https:\/\/www.gesangverein-weisskirchen.de\/index.php?rest_route=\/wp\/v2\/pages\/479\/revisions\/1816"}],"up":[{"embeddable":true,"href":"https:\/\/www.gesangverein-weisskirchen.de\/index.php?rest_route=\/wp\/v2\/pages\/433"}],"wp:attachment":[{"href":"https:\/\/www.gesangverein-weisskirchen.de\/index.php?rest_route=%2Fwp%2Fv2%2Fmedia&parent=479"}],"curies":[{"name":"wp","href":"https:\/\/api.w.org\/{rel}","templated":true}]}}