{"id":5,"date":"2012-04-29T17:36:07","date_gmt":"2012-04-29T17:36:07","guid":{"rendered":"http:\/\/www.weisskirchen-gesangverein.de\/?page_id=5"},"modified":"2026-02-19T20:32:07","modified_gmt":"2026-02-19T20:32:07","slug":"der-verein","status":"publish","type":"page","link":"https:\/\/www.gesangverein-weisskirchen.de\/?page_id=5","title":{"rendered":"Der Verein"},"content":{"rendered":"\n<p>Gesangverein Germania 1873 Wei\u00dfkirchen\/Taunus e.V.<\/p>\n\n\n\n<p>in Oberursel<\/p>\n\n\n\n<p>versteht sich als ein zeitgem\u00e4\u00dfes und harmonisches Bindeglied von&nbsp;<\/p>\n\n\n\n<div class=\"wp-block-columns is-layout-flex wp-container-core-columns-is-layout-1 wp-block-columns-is-layout-flex\">\n<div class=\"wp-block-column is-layout-flow wp-block-column-is-layout-flow\" style=\"flex-basis:33.33%\">\n<figure class=\"wp-block-image size-large is-resized\"><a href=\"https:\/\/www.gesangverein-weisskirchen.de\/wp-content\/uploads\/2013\/05\/image002.gif\"><img loading=\"lazy\" decoding=\"async\" width=\"242\" height=\"219\" src=\"https:\/\/www.gesangverein-weisskirchen.de\/wp-content\/uploads\/2013\/05\/image002.gif\" alt=\"\" class=\"wp-image-303\" style=\"width:182px;height:164px\"\/><\/a><\/figure>\n<\/div>\n\n\n\n<div class=\"wp-block-column is-layout-flow wp-block-column-is-layout-flow\" style=\"flex-basis:66.66%\">\n<p>&nbsp;&nbsp;&nbsp;&nbsp;&nbsp;Tradition&nbsp;&nbsp;&nbsp;&nbsp;&nbsp;&nbsp;&nbsp;&nbsp;&nbsp;&nbsp;&amp;&nbsp;&nbsp;&nbsp;&nbsp;&nbsp;&nbsp;&nbsp;&nbsp;&nbsp;&nbsp;Innovation<\/p>\n\n\n\n<p>&nbsp;&nbsp;&nbsp;&nbsp;&nbsp;&nbsp;&nbsp;&nbsp;&nbsp;&nbsp;&nbsp;&nbsp;&nbsp;&nbsp;&nbsp;Alt&nbsp;&nbsp;&nbsp;&nbsp;&nbsp;&nbsp;&nbsp;&nbsp;&nbsp; &amp;&nbsp;&nbsp;&nbsp;&nbsp;&nbsp;&nbsp;&nbsp;&nbsp;&nbsp;&nbsp;Jung<\/p>\n\n\n\n<p>&nbsp;Volksliedern&nbsp;&nbsp;&nbsp;&nbsp;&nbsp;&nbsp;&nbsp;&nbsp;&amp;&nbsp;&nbsp;&nbsp;&nbsp;&nbsp;&nbsp;&nbsp;&nbsp;&nbsp;&nbsp;&nbsp;Jazz\/Pop<\/p>\n\n\n\n<p>Probenarbeit&nbsp;&nbsp;&nbsp;&nbsp;&nbsp;&nbsp;&nbsp;&nbsp;&amp;&nbsp;&nbsp;&nbsp;&nbsp;&nbsp;&nbsp;&nbsp;&nbsp;&nbsp;&nbsp;&nbsp;Geselligkeit<\/p>\n<\/div>\n<\/div>\n\n\n\n<p>Erstklassige Chorleiter sichern den steigenden Qualit\u00e4tsanspruch ihrer Ch\u00f6re und fordern und f\u00f6rdern damit die physische Kondition und das psychische Wohlbefinden der aktiven S\u00e4ngerinnen und S\u00e4nger.<\/p>\n\n\n\n<p>Regelm\u00e4\u00dfige Weiterbildung und Projektarbeit bringt Abwechslung und neue Ideen in den Verein.<\/p>\n\n\n\n<p><a href=\"https:\/\/www.gesangverein-weisskirchen.de\/wp-content\/uploads\/2019\/10\/Satzung-Stand-20190315.pdf\" target=\"_blank\" rel=\"noopener\">F\u00fcr unsere aktuelle Satzung klicken sie bitte hier (PDF)<\/a><br><a href=\"https:\/\/www.gesangverein-weisskirchen.de\/wp-content\/uploads\/2025\/09\/Aufnahmeantrag-2025-Seite-1-und-2.pdf\" target=\"_blank\" rel=\"noreferrer noopener\">Unser Anmeldeformular (PDF)<\/a><br><!--a href=\"http:\/\/gesangverein-weisskirchen.de\/Files\/flyer_new.pdf\" target=\"_blank\" rel=\"noopener\">Der Flyer der Germania (PDF)<\/a--><\/p>\n\n\n<!-- wp:paragraph>\n<p><a href=\"https:\/\/www.gesangverein-weisskirchen.de\/wp-content\/uploads\/2013\/05\/Jubil\u00e4umseinleger_2013.pdf\" target=\"_blank\" rel=\"noopener\">Jubil\u00e4ums Brosch\u00fcre Spotlight 2013 - 140 Jahre Germania (PDF)<\/a><\/p>\n< \/wp:paragraph -->\n\n\n<p><a href=\"https:\/\/www.gesangverein-weisskirchen.de\/?page_id=374\" data-type=\"page\" data-id=\"374\">Historie<\/a> <\/p>\n\n\n\n<p><a href=\"https:\/\/www.gesangverein-weisskirchen.de\/?page_id=7\" data-type=\"page\" data-id=\"7\">Der Vorstand<\/a><\/p>\n\n\n\n<p>Gesangverein Germania 1873 Wei\u00dfkirchen\/Taunus e.V. ist<\/p>\n\n\n\n<p>Inhaber der Zelter-Plakette<\/p>\n\n\n\n<p>und Mitglied des Hessischen S\u00e4ngerbundes im DSB<\/p>\n","protected":false},"excerpt":{"rendered":"<p>Gesangverein Germania 1873 Wei\u00dfkirchen\/Taunus e.V. in Oberursel versteht sich als ein zeitgem\u00e4\u00dfes und harmonisches Bindeglied von&nbsp; &nbsp;&nbsp;&nbsp;&nbsp;&nbsp;Tradition&nbsp;&nbsp;&nbsp;&nbsp;&nbsp;&nbsp;&nbsp;&nbsp;&nbsp;&nbsp;&amp;&nbsp;&nbsp;&nbsp;&nbsp;&nbsp;&nbsp;&nbsp;&nbsp;&nbsp;&nbsp;Innovation &nbsp;&nbsp;&nbsp;&nbsp;&nbsp;&nbsp;&nbsp;&nbsp;&nbsp;&nbsp;&nbsp;&nbsp;&nbsp;&nbsp;&nbsp;Alt&nbsp;&nbsp;&nbsp;&nbsp;&nbsp;&nbsp;&nbsp;&nbsp;&nbsp; &amp;&nbsp;&nbsp;&nbsp;&nbsp;&nbsp;&nbsp;&nbsp;&nbsp;&nbsp;&nbsp;Jung &nbsp;Volksliedern&nbsp;&nbsp;&nbsp;&nbsp;&nbsp;&nbsp;&nbsp;&nbsp;&amp;&nbsp;&nbsp;&nbsp;&nbsp;&nbsp;&nbsp;&nbsp;&nbsp;&nbsp;&nbsp;&nbsp;Jazz\/Pop Probenarbeit&nbsp;&nbsp;&nbsp;&nbsp;&nbsp;&nbsp;&nbsp;&nbsp;&amp;&nbsp;&nbsp;&nbsp;&nbsp;&nbsp;&nbsp;&nbsp;&nbsp;&nbsp;&nbsp;&nbsp;Geselligkeit Erstklassige Chorleiter sichern den steigenden Qualit\u00e4tsanspruch ihrer Ch\u00f6re und fordern und f\u00f6rdern damit die physische Kondition und das psychische Wohlbefinden der aktiven S\u00e4ngerinnen und S\u00e4nger. Regelm\u00e4\u00dfige Weiterbildung und Projektarbeit [&hellip;]<\/p>\n","protected":false},"author":1,"featured_media":0,"parent":0,"menu_order":1,"comment_status":"closed","ping_status":"open","template":"","meta":{"ngg_post_thumbnail":0,"footnotes":"","_links_to":"","_links_to_target":""},"class_list":["post-5","page","type-page","status-publish","hentry"],"_links":{"self":[{"href":"https:\/\/www.gesangverein-weisskirchen.de\/index.php?rest_route=\/wp\/v2\/pages\/5"}],"collection":[{"href":"https:\/\/www.gesangverein-weisskirchen.de\/index.php?rest_route=\/wp\/v2\/pages"}],"about":[{"href":"https:\/\/www.gesangverein-weisskirchen.de\/index.php?rest_route=\/wp\/v2\/types\/page"}],"author":[{"embeddable":true,"href":"https:\/\/www.gesangverein-weisskirchen.de\/index.php?rest_route=\/wp\/v2\/users\/1"}],"replies":[{"embeddable":true,"href":"https:\/\/www.gesangverein-weisskirchen.de\/index.php?rest_route=%2Fwp%2Fv2%2Fcomments&post=5"}],"version-history":[{"count":87,"href":"https:\/\/www.gesangverein-weisskirchen.de\/index.php?rest_route=\/wp\/v2\/pages\/5\/revisions"}],"predecessor-version":[{"id":4278,"href":"https:\/\/www.gesangverein-weisskirchen.de\/index.php?rest_route=\/wp\/v2\/pages\/5\/revisions\/4278"}],"wp:attachment":[{"href":"https:\/\/www.gesangverein-weisskirchen.de\/index.php?rest_route=%2Fwp%2Fv2%2Fmedia&parent=5"}],"curies":[{"name":"wp","href":"https:\/\/api.w.org\/{rel}","templated":true}]}}