{"id":7,"date":"2012-04-29T17:36:37","date_gmt":"2012-04-29T17:36:37","guid":{"rendered":"http:\/\/www.weisskirchen-gesangverein.de\/?page_id=7"},"modified":"2025-03-15T18:05:41","modified_gmt":"2025-03-15T18:05:41","slug":"vorstand","status":"publish","type":"page","link":"https:\/\/www.gesangverein-weisskirchen.de\/?page_id=7","title":{"rendered":"Vorstand"},"content":{"rendered":"<p>Der Vorstand des Gesangverein 1873 Wei\u00dfkirchen\/Taunus e.V. setzt sich aus folgenden Personen zusammen:<\/p>\n<p><strong>Vorsitzender&nbsp; &nbsp; &nbsp; <\/strong>Wolfgang F\u00fc\u00dfle<\/p>\n<p><strong>stellvertretende <\/strong><br \/>\n<strong>Vorsitzende&nbsp; &nbsp; &nbsp; &nbsp;<\/strong><span>Erdmute<\/span> Koplin, Rolf B\u00fcsel<\/p>\n<p><strong>Kassierer &nbsp; &nbsp; &nbsp; &nbsp; &nbsp; <\/strong>Sabine Schelonke, Monika M\u00fchlbauer<\/p>\n<p><strong>Schriftf\u00fchrer&nbsp;&nbsp;&nbsp;&nbsp; <\/strong>Julia Zinser-Hofmann, Volker Frank<\/p>\n<p>Beisitzer :<\/p>\n<p>Kinderch\u00f6re&nbsp;&nbsp;&nbsp;&nbsp;&nbsp;&nbsp;&nbsp; Tanja Dieruff<\/p>\n<p>Pop- und Jazzchor<br \/>\nOberursel &nbsp;&nbsp;&nbsp;&nbsp;&nbsp;&nbsp;&nbsp; &nbsp;&nbsp;Stefan Hofmann<\/p>\n<p>Frauenchor &nbsp; &nbsp; &nbsp; &nbsp; Barbara Lickar<\/p>\n<p>M\u00e4nnerchor&nbsp;&nbsp;&nbsp;&nbsp;&nbsp;&nbsp;&nbsp; Rolf B\u00fcsel<\/p>\n<p>Festausschuss &nbsp;&nbsp; Megan Wellens, Gitte Sieloff<\/p>\n<p>Anregungen, Ideen und Fragen k\u00f6nnen Sie \u00fcber folgende email-Adresse<br \/>\nan den Vorstand stellen:<\/p>\n<p><a href=\"mailto:vorstand@gesangverein-weisskirchen.de\">vorstand@gesangverein-weisskirchen.de<\/a><\/p>\n","protected":false},"excerpt":{"rendered":"<p>Der Vorstand des Gesangverein 1873 Wei\u00dfkirchen\/Taunus e.V. setzt sich aus folgenden Personen zusammen: Vorsitzender&nbsp; &nbsp; &nbsp; Wolfgang F\u00fc\u00dfle stellvertretende Vorsitzende&nbsp; &nbsp; &nbsp; &nbsp;Erdmute Koplin, Rolf B\u00fcsel Kassierer &nbsp; &nbsp; &nbsp; &nbsp; &nbsp; Sabine Schelonke, Monika M\u00fchlbauer Schriftf\u00fchrer&nbsp;&nbsp;&nbsp;&nbsp; Julia Zinser-Hofmann, Volker Frank Beisitzer : Kinderch\u00f6re&nbsp;&nbsp;&nbsp;&nbsp;&nbsp;&nbsp;&nbsp; Tanja Dieruff Pop- und Jazzchor Oberursel [&hellip;]<\/p>\n","protected":false},"author":1,"featured_media":0,"parent":5,"menu_order":3,"comment_status":"closed","ping_status":"closed","template":"","meta":{"ngg_post_thumbnail":0,"footnotes":"","_links_to":"","_links_to_target":""},"class_list":["post-7","page","type-page","status-publish","hentry"],"_links":{"self":[{"href":"https:\/\/www.gesangverein-weisskirchen.de\/index.php?rest_route=\/wp\/v2\/pages\/7"}],"collection":[{"href":"https:\/\/www.gesangverein-weisskirchen.de\/index.php?rest_route=\/wp\/v2\/pages"}],"about":[{"href":"https:\/\/www.gesangverein-weisskirchen.de\/index.php?rest_route=\/wp\/v2\/types\/page"}],"author":[{"embeddable":true,"href":"https:\/\/www.gesangverein-weisskirchen.de\/index.php?rest_route=\/wp\/v2\/users\/1"}],"replies":[{"embeddable":true,"href":"https:\/\/www.gesangverein-weisskirchen.de\/index.php?rest_route=%2Fwp%2Fv2%2Fcomments&post=7"}],"version-history":[{"count":44,"href":"https:\/\/www.gesangverein-weisskirchen.de\/index.php?rest_route=\/wp\/v2\/pages\/7\/revisions"}],"predecessor-version":[{"id":4046,"href":"https:\/\/www.gesangverein-weisskirchen.de\/index.php?rest_route=\/wp\/v2\/pages\/7\/revisions\/4046"}],"up":[{"embeddable":true,"href":"https:\/\/www.gesangverein-weisskirchen.de\/index.php?rest_route=\/wp\/v2\/pages\/5"}],"wp:attachment":[{"href":"https:\/\/www.gesangverein-weisskirchen.de\/index.php?rest_route=%2Fwp%2Fv2%2Fmedia&parent=7"}],"curies":[{"name":"wp","href":"https:\/\/api.w.org\/{rel}","templated":true}]}}